{"id":6299,"date":"2025-11-07T09:36:55","date_gmt":"2025-11-07T08:36:55","guid":{"rendered":"https:\/\/koala.compsaonline.cat\/agenda\/"},"modified":"2025-11-07T12:05:09","modified_gmt":"2025-11-07T11:05:09","slug":"agenda","status":"publish","type":"page","link":"https:\/\/www.koalaartforkids.com\/es\/agenda\/","title":{"rendered":"Agenda"},"content":{"rendered":"<p><div class=\"fusion-fullwidth fullwidth-box fusion-builder-row-1 fusion-flex-container nonhundred-percent-fullwidth non-hundred-percent-height-scrolling\" style=\"--awb-border-color:hsla(var(--awb-color8-h),var(--awb-color8-s),var(--awb-color8-l),calc( var(--awb-color8-a) - 90% ));--awb-border-radius-top-left:0px;--awb-border-radius-top-right:0px;--awb-border-radius-bottom-right:0px;--awb-border-radius-bottom-left:0px;--awb-padding-top:50px;--awb-padding-bottom:50px;--awb-padding-top-small:60px;--awb-padding-right-small:60px;--awb-padding-bottom-small:40px;--awb-padding-left-small:60px;--awb-margin-bottom:0px;--awb-margin-bottom-medium:80px;--awb-margin-bottom-small:0px;--awb-min-height:620px;--awb-background-color:var(--awb-color6);--awb-flex-wrap:wrap;\" ><div class=\"fusion-builder-row fusion-row fusion-flex-align-items-center fusion-flex-justify-content-center fusion-flex-content-wrap\" style=\"max-width:988px;margin-left: calc(-4% \/ 2 );margin-right: calc(-4% \/ 2 );\"><div class=\"fusion-layout-column fusion_builder_column fusion-builder-column-0 fusion_builder_column_1_2 1_2 fusion-flex-column\" style=\"--awb-bg-size:cover;--awb-width-large:50%;--awb-margin-top-large:0px;--awb-spacing-right-large:3.84%;--awb-margin-bottom-large:20px;--awb-spacing-left-large:3.84%;--awb-width-medium:100%;--awb-order-medium:0;--awb-spacing-right-medium:1.92%;--awb-spacing-left-medium:1.92%;--awb-width-small:100%;--awb-order-small:0;--awb-spacing-right-small:1.92%;--awb-spacing-left-small:1.92%;\"><div class=\"fusion-column-wrapper fusion-column-has-shadow fusion-flex-justify-content-flex-start fusion-content-layout-column\"><div class=\"fusion-text fusion-text-1 fusion-text-no-margin\" style=\"--awb-font-size:50px;--awb-line-height:1.2em;--awb-text-color:#eef226;--awb-margin-bottom:0px;\"><p><strong>FangFest<\/strong><\/p>\n<\/div><div class=\"fusion-text fusion-text-2\"><p>El festival de las familias creativas.<\/p>\n<\/div><div class=\"fusion-text fusion-text-3\" style=\"--awb-font-size:25px;--awb-line-height:1.2em;--awb-text-color:var(--awb-color1);\"><p><span style=\"color: var(--awb-color6);\"><b>\ud83d\udcc5<span style=\"color: var(--awb-color7);\"> FECHA<\/span><\/b><\/span><br \/>\n8 de noviembre de 2025<\/p>\n<p><span style=\"color: var(--awb-color6);\"><b>\u231a<span style=\"color: var(--awb-color7);\"> HORARIO<\/span><\/b><\/span><br \/>\n10 a 14 h<\/p>\n<p><span style=\"color: #7c7c7c;\"><b>\ud83d\udccd<span style=\"color: var(--awb-color7);\"> LUGAR<\/span><br \/>\n<\/b><\/span>Museu d&#8217;Esplugues<\/p>\n<\/div><\/div><\/div><div class=\"fusion-layout-column fusion_builder_column fusion-builder-column-1 fusion_builder_column_1_2 1_2 fusion-flex-column\" style=\"--awb-bg-size:cover;--awb-width-large:50%;--awb-margin-top-large:0px;--awb-spacing-right-large:3.84%;--awb-margin-bottom-large:0px;--awb-spacing-left-large:3.84%;--awb-width-medium:100%;--awb-order-medium:0;--awb-spacing-right-medium:1.92%;--awb-spacing-left-medium:1.92%;--awb-width-small:100%;--awb-order-small:0;--awb-spacing-right-small:1.92%;--awb-spacing-left-small:1.92%;\"><div class=\"fusion-column-wrapper fusion-column-has-shadow fusion-flex-justify-content-center fusion-content-layout-row\"><div class=\"fusion-image-element \" style=\"--awb-max-width:350px;--awb-caption-title-font-family:var(--h2_typography-font-family);--awb-caption-title-font-weight:var(--h2_typography-font-weight);--awb-caption-title-font-style:var(--h2_typography-font-style);--awb-caption-title-size:var(--h2_typography-font-size);--awb-caption-title-transform:var(--h2_typography-text-transform);--awb-caption-title-line-height:var(--h2_typography-line-height);--awb-caption-title-letter-spacing:var(--h2_typography-letter-spacing);\"><span class=\" fusion-imageframe imageframe-none imageframe-1 hover-type-none\" style=\"border:7px solid var(--awb-color3);\"><a href=\"https:\/\/koala.compsaonline.cat\/wp-content\/uploads\/2025\/11\/fang-fest.jpg\" class=\"fusion-lightbox\" data-rel=\"iLightbox[2dcfa1a638fce2a58a8]\" data-title=\"fang-fest\" title=\"fang-fest\"><img decoding=\"async\" width=\"891\" height=\"1500\" alt=\"TAllers creatius\" src=\"https:\/\/www.koalaartforkids.com\/wp-content\/uploads\/2025\/11\/fang-fest.jpg\" data-orig-src=\"https:\/\/koala.compsaonline.cat\/wp-content\/uploads\/2025\/11\/fang-fest.jpg\" class=\"lazyload img-responsive wp-image-6301\" srcset=\"data:image\/svg+xml,%3Csvg%20xmlns%3D%27http%3A%2F%2Fwww.w3.org%2F2000%2Fsvg%27%20width%3D%27891%27%20height%3D%271500%27%20viewBox%3D%270%200%20891%201500%27%3E%3Crect%20width%3D%27891%27%20height%3D%271500%27%20fill-opacity%3D%220%22%2F%3E%3C%2Fsvg%3E\" data-srcset=\"https:\/\/www.koalaartforkids.com\/wp-content\/uploads\/2025\/11\/fang-fest-200x337.jpg 200w, https:\/\/www.koalaartforkids.com\/wp-content\/uploads\/2025\/11\/fang-fest-400x673.jpg 400w, https:\/\/www.koalaartforkids.com\/wp-content\/uploads\/2025\/11\/fang-fest-600x1010.jpg 600w, https:\/\/www.koalaartforkids.com\/wp-content\/uploads\/2025\/11\/fang-fest-800x1347.jpg 800w, https:\/\/www.koalaartforkids.com\/wp-content\/uploads\/2025\/11\/fang-fest.jpg 891w\" data-sizes=\"auto\" data-orig-sizes=\"(max-width: 1024px) 100vw, (max-width: 640px) 100vw, 600px\" \/><\/a><\/span><\/div><\/div><\/div><\/div><\/div><div class=\"fusion-fullwidth fullwidth-box fusion-builder-row-2 fusion-flex-container nonhundred-percent-fullwidth non-hundred-percent-height-scrolling\" style=\"--awb-border-color:hsla(var(--awb-color8-h),var(--awb-color8-s),var(--awb-color8-l),calc( var(--awb-color8-a) - 90% ));--awb-border-radius-top-left:0px;--awb-border-radius-top-right:0px;--awb-border-radius-bottom-right:0px;--awb-border-radius-bottom-left:0px;--awb-padding-top:50px;--awb-padding-bottom:50px;--awb-padding-top-small:60px;--awb-padding-right-small:60px;--awb-padding-bottom-small:40px;--awb-padding-left-small:60px;--awb-margin-bottom:0px;--awb-margin-bottom-medium:80px;--awb-margin-bottom-small:0px;--awb-min-height:620px;--awb-background-color:var(--awb-color7);--awb-flex-wrap:wrap;\" ><div class=\"fusion-builder-row fusion-row fusion-flex-align-items-center fusion-flex-justify-content-center fusion-flex-content-wrap\" style=\"max-width:988px;margin-left: calc(-4% \/ 2 );margin-right: calc(-4% \/ 2 );\"><div class=\"fusion-layout-column fusion_builder_column fusion-builder-column-2 fusion_builder_column_1_2 1_2 fusion-flex-column\" style=\"--awb-bg-size:cover;--awb-width-large:50%;--awb-margin-top-large:0px;--awb-spacing-right-large:3.84%;--awb-margin-bottom-large:20px;--awb-spacing-left-large:3.84%;--awb-width-medium:100%;--awb-order-medium:0;--awb-spacing-right-medium:1.92%;--awb-spacing-left-medium:1.92%;--awb-width-small:100%;--awb-order-small:0;--awb-spacing-right-small:1.92%;--awb-spacing-left-small:1.92%;\"><div class=\"fusion-column-wrapper fusion-column-has-shadow fusion-flex-justify-content-flex-start fusion-content-layout-column\"><div class=\"fusion-text fusion-text-4 fusion-text-no-margin\" style=\"--awb-font-size:50px;--awb-line-height:1.2em;--awb-text-color:#eef226;--awb-margin-bottom:0px;\"><p><strong>Fiesta de la Infancia<\/strong><\/p>\n<\/div><div class=\"fusion-text fusion-text-5\"><p>Talleres, juegos, espacios para la creaci\u00f3n y libre expresi\u00f3n, espect\u00e1culos, conciertos y foodtrucks.<\/p>\n<\/div><div class=\"fusion-text fusion-text-6\" style=\"--awb-font-size:25px;--awb-line-height:1.2em;--awb-text-color:var(--awb-color1);\"><p><span style=\"color: var(--awb-color6);\"><b>\ud83d\udcc5 FECHA<\/b><\/span><br \/>\n23 de noviembre de 2025<\/p>\n<p><span style=\"color: var(--awb-color6);\"><b>\u231a HORARIO<\/b><\/span><br \/>\n10 a 14 h<\/p>\n<p><span style=\"color: #7c7c7c;\"><b>\ud83d\udccd LUGAR<br \/>\n<\/b><\/span>Parc de Can Zam &#8211; Santa Coloma de Gramenet<\/p>\n<\/div><\/div><\/div><div class=\"fusion-layout-column fusion_builder_column fusion-builder-column-3 fusion_builder_column_1_2 1_2 fusion-flex-column\" style=\"--awb-bg-size:cover;--awb-width-large:50%;--awb-margin-top-large:0px;--awb-spacing-right-large:3.84%;--awb-margin-bottom-large:0px;--awb-spacing-left-large:3.84%;--awb-width-medium:100%;--awb-order-medium:0;--awb-spacing-right-medium:1.92%;--awb-spacing-left-medium:1.92%;--awb-width-small:100%;--awb-order-small:0;--awb-spacing-right-small:1.92%;--awb-spacing-left-small:1.92%;\"><div class=\"fusion-column-wrapper fusion-column-has-shadow fusion-flex-justify-content-center fusion-content-layout-row\"><div class=\"fusion-image-element \" style=\"--awb-max-width:350px;--awb-caption-title-font-family:var(--h2_typography-font-family);--awb-caption-title-font-weight:var(--h2_typography-font-weight);--awb-caption-title-font-style:var(--h2_typography-font-style);--awb-caption-title-size:var(--h2_typography-font-size);--awb-caption-title-transform:var(--h2_typography-text-transform);--awb-caption-title-line-height:var(--h2_typography-line-height);--awb-caption-title-letter-spacing:var(--h2_typography-letter-spacing);\"><span class=\" fusion-imageframe imageframe-none imageframe-2 hover-type-none\" style=\"border:7px solid var(--awb-color3);\"><a href=\"https:\/\/koala.compsaonline.cat\/wp-content\/uploads\/2025\/11\/festa-infancia.jpg\" class=\"fusion-lightbox\" data-rel=\"iLightbox[0ecf7b7149bef2d783c]\" data-title=\"festa-infancia\" title=\"festa-infancia\"><img decoding=\"async\" width=\"902\" height=\"1500\" alt=\"Tallers per infants\" src=\"https:\/\/www.koalaartforkids.com\/wp-content\/uploads\/2025\/11\/festa-infancia.jpg\" data-orig-src=\"https:\/\/koala.compsaonline.cat\/wp-content\/uploads\/2025\/11\/festa-infancia.jpg\" class=\"lazyload img-responsive wp-image-6302\" srcset=\"data:image\/svg+xml,%3Csvg%20xmlns%3D%27http%3A%2F%2Fwww.w3.org%2F2000%2Fsvg%27%20width%3D%27902%27%20height%3D%271500%27%20viewBox%3D%270%200%20902%201500%27%3E%3Crect%20width%3D%27902%27%20height%3D%271500%27%20fill-opacity%3D%220%22%2F%3E%3C%2Fsvg%3E\" data-srcset=\"https:\/\/www.koalaartforkids.com\/wp-content\/uploads\/2025\/11\/festa-infancia-200x333.jpg 200w, https:\/\/www.koalaartforkids.com\/wp-content\/uploads\/2025\/11\/festa-infancia-400x665.jpg 400w, https:\/\/www.koalaartforkids.com\/wp-content\/uploads\/2025\/11\/festa-infancia-600x998.jpg 600w, https:\/\/www.koalaartforkids.com\/wp-content\/uploads\/2025\/11\/festa-infancia-800x1330.jpg 800w, https:\/\/www.koalaartforkids.com\/wp-content\/uploads\/2025\/11\/festa-infancia.jpg 902w\" data-sizes=\"auto\" data-orig-sizes=\"(max-width: 1024px) 100vw, (max-width: 640px) 100vw, 600px\" \/><\/a><\/span><\/div><\/div><\/div><\/div><\/div><\/p>\n","protected":false},"excerpt":{"rendered":"","protected":false},"author":1,"featured_media":0,"parent":0,"menu_order":0,"comment_status":"closed","ping_status":"closed","template":"100-width.php","meta":{"footnotes":""},"class_list":["post-6299","page","type-page","status-publish","hentry"],"yoast_head":"<!-- This site is optimized with the Yoast SEO plugin v26.3 - https:\/\/yoast.com\/wordpress\/plugins\/seo\/ -->\n<title>Agenda - KoalaArtForKids | Grans experi\u00e8ncies per a petites ments creatives<\/title>\n<meta name=\"robots\" content=\"index, follow, max-snippet:-1, max-image-preview:large, max-video-preview:-1\" \/>\n<link rel=\"canonical\" href=\"https:\/\/www.koalaartforkids.com\/es\/agenda\/\" \/>\n<meta property=\"og:locale\" content=\"es_ES\" \/>\n<meta property=\"og:type\" content=\"article\" \/>\n<meta property=\"og:title\" content=\"Agenda - KoalaArtForKids | Grans experi\u00e8ncies per a petites ments creatives\" \/>\n<meta property=\"og:url\" content=\"https:\/\/www.koalaartforkids.com\/es\/agenda\/\" \/>\n<meta property=\"og:site_name\" content=\"KoalaArtForKids | Grans experi\u00e8ncies per a petites ments creatives\" \/>\n<meta property=\"article:modified_time\" content=\"2025-11-07T11:05:09+00:00\" \/>\n<meta name=\"twitter:card\" content=\"summary_large_image\" \/>\n<meta name=\"twitter:label1\" content=\"Tiempo de lectura\" \/>\n\t<meta name=\"twitter:data1\" content=\"11 minutos\" \/>\n<script type=\"application\/ld+json\" class=\"yoast-schema-graph\">{\"@context\":\"https:\/\/schema.org\",\"@graph\":[{\"@type\":\"WebPage\",\"@id\":\"https:\/\/www.koalaartforkids.com\/es\/agenda\/\",\"url\":\"https:\/\/www.koalaartforkids.com\/es\/agenda\/\",\"name\":\"Agenda - KoalaArtForKids | Grans experi\u00e8ncies per a petites ments creatives\",\"isPartOf\":{\"@id\":\"https:\/\/www.koalaartforkids.com\/#website\"},\"datePublished\":\"2025-11-07T08:36:55+00:00\",\"dateModified\":\"2025-11-07T11:05:09+00:00\",\"breadcrumb\":{\"@id\":\"https:\/\/www.koalaartforkids.com\/es\/agenda\/#breadcrumb\"},\"inLanguage\":\"es\",\"potentialAction\":[{\"@type\":\"ReadAction\",\"target\":[\"https:\/\/www.koalaartforkids.com\/es\/agenda\/\"]}]},{\"@type\":\"BreadcrumbList\",\"@id\":\"https:\/\/www.koalaartforkids.com\/es\/agenda\/#breadcrumb\",\"itemListElement\":[{\"@type\":\"ListItem\",\"position\":1,\"name\":\"Inici\",\"item\":\"https:\/\/www.koalaartforkids.com\/es\/inicio\/\"},{\"@type\":\"ListItem\",\"position\":2,\"name\":\"Agenda\"}]},{\"@type\":\"WebSite\",\"@id\":\"https:\/\/www.koalaartforkids.com\/#website\",\"url\":\"https:\/\/www.koalaartforkids.com\/\",\"name\":\"KoalaArtForKids | Grans experi\u00e8ncies per a petites ments creatives\",\"description\":\"Som Koala Art for Kids! Un projecte nou i enriquidor que t\u00e9 com a objectiu la difusi\u00f3 de l\u2019art com a mitj\u00e0 per a comunicar-nos i relacionar-nos amb tot el que ens envolta. Oferim una \u00e0mplia varietat de propostes art\u00edstiques de petit i gran format adaptades a tot tipus d\u2019espais i de necessitats.\",\"potentialAction\":[{\"@type\":\"SearchAction\",\"target\":{\"@type\":\"EntryPoint\",\"urlTemplate\":\"https:\/\/www.koalaartforkids.com\/?s={search_term_string}\"},\"query-input\":{\"@type\":\"PropertyValueSpecification\",\"valueRequired\":true,\"valueName\":\"search_term_string\"}}],\"inLanguage\":\"es\"}]}<\/script>\n<!-- \/ Yoast SEO plugin. -->","yoast_head_json":{"title":"Agenda - KoalaArtForKids | Grans experi\u00e8ncies per a petites ments creatives","robots":{"index":"index","follow":"follow","max-snippet":"max-snippet:-1","max-image-preview":"max-image-preview:large","max-video-preview":"max-video-preview:-1"},"canonical":"https:\/\/www.koalaartforkids.com\/es\/agenda\/","og_locale":"es_ES","og_type":"article","og_title":"Agenda - KoalaArtForKids | Grans experi\u00e8ncies per a petites ments creatives","og_url":"https:\/\/www.koalaartforkids.com\/es\/agenda\/","og_site_name":"KoalaArtForKids | Grans experi\u00e8ncies per a petites ments creatives","article_modified_time":"2025-11-07T11:05:09+00:00","twitter_card":"summary_large_image","twitter_misc":{"Tiempo de lectura":"11 minutos"},"schema":{"@context":"https:\/\/schema.org","@graph":[{"@type":"WebPage","@id":"https:\/\/www.koalaartforkids.com\/es\/agenda\/","url":"https:\/\/www.koalaartforkids.com\/es\/agenda\/","name":"Agenda - KoalaArtForKids | Grans experi\u00e8ncies per a petites ments creatives","isPartOf":{"@id":"https:\/\/www.koalaartforkids.com\/#website"},"datePublished":"2025-11-07T08:36:55+00:00","dateModified":"2025-11-07T11:05:09+00:00","breadcrumb":{"@id":"https:\/\/www.koalaartforkids.com\/es\/agenda\/#breadcrumb"},"inLanguage":"es","potentialAction":[{"@type":"ReadAction","target":["https:\/\/www.koalaartforkids.com\/es\/agenda\/"]}]},{"@type":"BreadcrumbList","@id":"https:\/\/www.koalaartforkids.com\/es\/agenda\/#breadcrumb","itemListElement":[{"@type":"ListItem","position":1,"name":"Inici","item":"https:\/\/www.koalaartforkids.com\/es\/inicio\/"},{"@type":"ListItem","position":2,"name":"Agenda"}]},{"@type":"WebSite","@id":"https:\/\/www.koalaartforkids.com\/#website","url":"https:\/\/www.koalaartforkids.com\/","name":"KoalaArtForKids | Grans experi\u00e8ncies per a petites ments creatives","description":"Som Koala Art for Kids! Un projecte nou i enriquidor que t\u00e9 com a objectiu la difusi\u00f3 de l\u2019art com a mitj\u00e0 per a comunicar-nos i relacionar-nos amb tot el que ens envolta. Oferim una \u00e0mplia varietat de propostes art\u00edstiques de petit i gran format adaptades a tot tipus d\u2019espais i de necessitats.","potentialAction":[{"@type":"SearchAction","target":{"@type":"EntryPoint","urlTemplate":"https:\/\/www.koalaartforkids.com\/?s={search_term_string}"},"query-input":{"@type":"PropertyValueSpecification","valueRequired":true,"valueName":"search_term_string"}}],"inLanguage":"es"}]}},"_links":{"self":[{"href":"https:\/\/www.koalaartforkids.com\/es\/wp-json\/wp\/v2\/pages\/6299","targetHints":{"allow":["GET"]}}],"collection":[{"href":"https:\/\/www.koalaartforkids.com\/es\/wp-json\/wp\/v2\/pages"}],"about":[{"href":"https:\/\/www.koalaartforkids.com\/es\/wp-json\/wp\/v2\/types\/page"}],"author":[{"embeddable":true,"href":"https:\/\/www.koalaartforkids.com\/es\/wp-json\/wp\/v2\/users\/1"}],"replies":[{"embeddable":true,"href":"https:\/\/www.koalaartforkids.com\/es\/wp-json\/wp\/v2\/comments?post=6299"}],"version-history":[{"count":6,"href":"https:\/\/www.koalaartforkids.com\/es\/wp-json\/wp\/v2\/pages\/6299\/revisions"}],"predecessor-version":[{"id":6315,"href":"https:\/\/www.koalaartforkids.com\/es\/wp-json\/wp\/v2\/pages\/6299\/revisions\/6315"}],"wp:attachment":[{"href":"https:\/\/www.koalaartforkids.com\/es\/wp-json\/wp\/v2\/media?parent=6299"}],"curies":[{"name":"wp","href":"https:\/\/api.w.org\/{rel}","templated":true}]}}