{"id":6091,"date":"2025-10-31T09:33:51","date_gmt":"2025-10-31T08:33:51","guid":{"rendered":"https:\/\/koala.compsaonline.cat\/cistella\/"},"modified":"2025-10-31T09:33:51","modified_gmt":"2025-10-31T08:33:51","slug":"cistella","status":"publish","type":"page","link":"https:\/\/www.koalaartforkids.com\/es\/cistella\/","title":{"rendered":"Cistella"},"content":{"rendered":"\n<div data-block-name=\"woocommerce\/cart\" class=\"wp-block-woocommerce-cart alignwide is-loading\">\n<div data-block-name=\"woocommerce\/filled-cart-block\" class=\"wp-block-woocommerce-filled-cart-block\">\n<div data-block-name=\"woocommerce\/cart-items-block\" class=\"wp-block-woocommerce-cart-items-block\">\n<div data-block-name=\"woocommerce\/cart-line-items-block\" class=\"wp-block-woocommerce-cart-line-items-block\"><\/div>\n\n\n<\/div>\n\n\n\n\n<div data-block-name=\"woocommerce\/cart-totals-block\" class=\"wp-block-woocommerce-cart-totals-block\">\n<div data-block-name=\"woocommerce\/cart-order-summary-block\" class=\"wp-block-woocommerce-cart-order-summary-block\">\n<div data-block-name=\"woocommerce\/cart-order-summary-heading-block\" class=\"wp-block-woocommerce-cart-order-summary-heading-block\"><\/div><div data-block-name=\"woocommerce\/cart-order-summary-coupon-form-block\" class=\"wp-block-woocommerce-cart-order-summary-coupon-form-block\"><\/div><div data-block-name=\"woocommerce\/cart-order-summary-totals-block\" class=\"wp-block-woocommerce-cart-order-summary-totals-block\">\n<div data-block-name=\"woocommerce\/cart-order-summary-subtotal-block\" class=\"wp-block-woocommerce-cart-order-summary-subtotal-block\"><\/div>\n<div data-block-name=\"woocommerce\/cart-order-summary-discount-block\" class=\"wp-block-woocommerce-cart-order-summary-discount-block\"><\/div>\n<div data-block-name=\"woocommerce\/cart-order-summary-fee-block\" class=\"wp-block-woocommerce-cart-order-summary-fee-block\"><\/div>\n<div data-block-name=\"woocommerce\/cart-order-summary-shipping-block\" class=\"wp-block-woocommerce-cart-order-summary-shipping-block\"><\/div>\n<div data-block-name=\"woocommerce\/cart-order-summary-taxes-block\" class=\"wp-block-woocommerce-cart-order-summary-taxes-block\"><\/div><\/div>\n<\/div>\n\n\n\n<div data-block-name=\"woocommerce\/cart-express-payment-block\" class=\"wp-block-woocommerce-cart-express-payment-block\"><\/div>\n\n\n\n<div data-block-name=\"woocommerce\/proceed-to-checkout-block\" class=\"wp-block-woocommerce-proceed-to-checkout-block\"><\/div>\n\n\n\n<div data-block-name=\"woocommerce\/cart-accepted-payment-methods-block\" class=\"wp-block-woocommerce-cart-accepted-payment-methods-block\"><\/div>\n<\/div>\n<\/div>\n\n\n\n<div data-block-name=\"woocommerce\/empty-cart-block\" class=\"wp-block-woocommerce-empty-cart-block\">\n<h2 class=\"wp-block-heading has-text-align-center with-empty-cart-icon wc-block-cart__empty-cart__title\">La cistella est\u00e0 buida actualment!<\/h2>\n\n\n\n<hr class=\"wp-block-separator has-alpha-channel-opacity is-style-dots\"\/>\n\n\n\n<h2 class=\"wp-block-heading has-text-align-center\">Nou a la botiga<\/h2>\n\n\n<div data-block-name=\"woocommerce\/product-new\" data-columns=\"4\" data-rows=\"1\" class=\"wc-block-grid wp-block-product-new wp-block-woocommerce-product-new wc-block-product-new has-4-columns\"><ul class=\"wc-block-grid__products\"><li class=\"wc-block-grid__product\">\n\t\t\t\t<a href=\"https:\/\/www.koalaartforkids.com\/es\/producte\/caprichosa\/\" class=\"wc-block-grid__product-link\">\n\t\t\t\t\t\n\t\t\t\t\t<div class=\"wc-block-grid__product-image\"><img decoding=\"async\" width=\"500\" height=\"500\" src=\"https:\/\/www.koalaartforkids.com\/wp-content\/uploads\/2025\/10\/caprichosa-web.png\" class=\"attachment-woocommerce_thumbnail size-woocommerce_thumbnail lazyload\" alt=\"Caprichosa\" srcset=\"data:image\/svg+xml,%3Csvg%20xmlns%3D%27http%3A%2F%2Fwww.w3.org%2F2000%2Fsvg%27%20width%3D%27500%27%20height%3D%27500%27%20viewBox%3D%270%200%20500%20500%27%3E%3Crect%20width%3D%27500%27%20height%3D%27500%27%20fill-opacity%3D%220%22%2F%3E%3C%2Fsvg%3E\" data-orig-src=\"https:\/\/www.koalaartforkids.com\/wp-content\/uploads\/2025\/10\/caprichosa-web.png\" data-srcset=\"https:\/\/www.koalaartforkids.com\/wp-content\/uploads\/2025\/10\/caprichosa-web-66x66.png 66w, https:\/\/www.koalaartforkids.com\/wp-content\/uploads\/2025\/10\/caprichosa-web-200x200.png 200w, https:\/\/www.koalaartforkids.com\/wp-content\/uploads\/2025\/10\/caprichosa-web-400x400.png 400w, https:\/\/www.koalaartforkids.com\/wp-content\/uploads\/2025\/10\/caprichosa-web.png 500w\" data-sizes=\"auto\" \/><\/div>\n\t\t\t\t\t<div class=\"wc-block-grid__product-title\">Caprichosa<\/div>\n\t\t\t\t<\/a>\n\t\t\t\t<div class=\"wc-block-grid__product-price price\"><span class=\"woocommerce-Price-amount amount\">18,00&nbsp;<span class=\"woocommerce-Price-currencySymbol\">&euro;<\/span><\/span><\/div>\n\t\t\t\t\n\t\t\t\t<div class=\"wp-block-button wc-block-grid__product-add-to-cart\"><a href=\"https:\/\/www.koalaartforkids.com\/es\/producte\/caprichosa\/\" aria-label=\"Lee m\u00e1s sobre &ldquo;Caprichosa&rdquo;\" data-quantity=\"1\" data-product_id=\"6216\" data-product_sku=\"CA-062020\" data-price=\"18\" rel=\"nofollow\" class=\"wp-block-button__link  add_to_cart_button\">Leer m\u00e1s<\/a><\/div>\n\t\t\t<\/li><li class=\"wc-block-grid__product\">\n\t\t\t\t<a href=\"https:\/\/www.koalaartforkids.com\/es\/producte\/frutti-di-mare\/\" class=\"wc-block-grid__product-link\">\n\t\t\t\t\t\n\t\t\t\t\t<div class=\"wc-block-grid__product-image\"><img decoding=\"async\" width=\"500\" height=\"500\" src=\"https:\/\/www.koalaartforkids.com\/wp-content\/uploads\/2025\/10\/foto-frutti-di-mare-web.png\" class=\"attachment-woocommerce_thumbnail size-woocommerce_thumbnail lazyload\" alt=\"Frutti di mare\" srcset=\"data:image\/svg+xml,%3Csvg%20xmlns%3D%27http%3A%2F%2Fwww.w3.org%2F2000%2Fsvg%27%20width%3D%27500%27%20height%3D%27500%27%20viewBox%3D%270%200%20500%20500%27%3E%3Crect%20width%3D%27500%27%20height%3D%27500%27%20fill-opacity%3D%220%22%2F%3E%3C%2Fsvg%3E\" data-orig-src=\"https:\/\/www.koalaartforkids.com\/wp-content\/uploads\/2025\/10\/foto-frutti-di-mare-web.png\" data-srcset=\"https:\/\/www.koalaartforkids.com\/wp-content\/uploads\/2025\/10\/foto-frutti-di-mare-web-66x66.png 66w, https:\/\/www.koalaartforkids.com\/wp-content\/uploads\/2025\/10\/foto-frutti-di-mare-web-200x200.png 200w, https:\/\/www.koalaartforkids.com\/wp-content\/uploads\/2025\/10\/foto-frutti-di-mare-web-400x400.png 400w, https:\/\/www.koalaartforkids.com\/wp-content\/uploads\/2025\/10\/foto-frutti-di-mare-web.png 500w\" data-sizes=\"auto\" \/><\/div>\n\t\t\t\t\t<div class=\"wc-block-grid__product-title\">Frutti di mare<\/div>\n\t\t\t\t<\/a>\n\t\t\t\t<div class=\"wc-block-grid__product-price price\"><span class=\"woocommerce-Price-amount amount\">16,00&nbsp;<span class=\"woocommerce-Price-currencySymbol\">&euro;<\/span><\/span><\/div>\n\t\t\t\t\n\t\t\t\t<div class=\"wp-block-button wc-block-grid__product-add-to-cart\"><a href=\"https:\/\/www.koalaartforkids.com\/es\/producte\/frutti-di-mare\/\" aria-label=\"Lee m\u00e1s sobre &ldquo;Frutti di mare&rdquo;\" data-quantity=\"1\" data-product_id=\"6234\" data-product_sku=\"FM-062020\" data-price=\"16\" rel=\"nofollow\" class=\"wp-block-button__link  add_to_cart_button\">Leer m\u00e1s<\/a><\/div>\n\t\t\t<\/li><li class=\"wc-block-grid__product\">\n\t\t\t\t<a href=\"https:\/\/www.koalaartforkids.com\/es\/producte\/doble-cheese\/\" class=\"wc-block-grid__product-link\">\n\t\t\t\t\t\n\t\t\t\t\t<div class=\"wc-block-grid__product-image\"><img decoding=\"async\" width=\"500\" height=\"500\" src=\"https:\/\/www.koalaartforkids.com\/wp-content\/uploads\/2025\/10\/double-cheese-web.png\" class=\"attachment-woocommerce_thumbnail size-woocommerce_thumbnail lazyload\" alt=\"Doble Cheese\" srcset=\"data:image\/svg+xml,%3Csvg%20xmlns%3D%27http%3A%2F%2Fwww.w3.org%2F2000%2Fsvg%27%20width%3D%27500%27%20height%3D%27500%27%20viewBox%3D%270%200%20500%20500%27%3E%3Crect%20width%3D%27500%27%20height%3D%27500%27%20fill-opacity%3D%220%22%2F%3E%3C%2Fsvg%3E\" data-orig-src=\"https:\/\/www.koalaartforkids.com\/wp-content\/uploads\/2025\/10\/double-cheese-web.png\" data-srcset=\"https:\/\/www.koalaartforkids.com\/wp-content\/uploads\/2025\/10\/double-cheese-web-66x66.png 66w, https:\/\/www.koalaartforkids.com\/wp-content\/uploads\/2025\/10\/double-cheese-web-200x200.png 200w, https:\/\/www.koalaartforkids.com\/wp-content\/uploads\/2025\/10\/double-cheese-web-400x400.png 400w, https:\/\/www.koalaartforkids.com\/wp-content\/uploads\/2025\/10\/double-cheese-web.png 500w\" data-sizes=\"auto\" \/><\/div>\n\t\t\t\t\t<div class=\"wc-block-grid__product-title\">Doble Cheese<\/div>\n\t\t\t\t<\/a>\n\t\t\t\t<div class=\"wc-block-grid__product-price price\"><span class=\"woocommerce-Price-amount amount\">16,00&nbsp;<span class=\"woocommerce-Price-currencySymbol\">&euro;<\/span><\/span><\/div>\n\t\t\t\t\n\t\t\t\t<div class=\"wp-block-button wc-block-grid__product-add-to-cart\"><a href=\"https:\/\/www.koalaartforkids.com\/es\/producte\/doble-cheese\/\" aria-label=\"Lee m\u00e1s sobre &ldquo;Doble Cheese&rdquo;\" data-quantity=\"1\" data-product_id=\"6240\" data-product_sku=\"DC-062020\" data-price=\"16\" rel=\"nofollow\" class=\"wp-block-button__link  add_to_cart_button\">Leer m\u00e1s<\/a><\/div>\n\t\t\t<\/li><li class=\"wc-block-grid__product\">\n\t\t\t\t<a href=\"https:\/\/www.koalaartforkids.com\/es\/producte\/calzone\/\" class=\"wc-block-grid__product-link\">\n\t\t\t\t\t\n\t\t\t\t\t<div class=\"wc-block-grid__product-image\"><img decoding=\"async\" width=\"500\" height=\"500\" src=\"https:\/\/www.koalaartforkids.com\/wp-content\/uploads\/2025\/10\/Calzone-web.png\" class=\"attachment-woocommerce_thumbnail size-woocommerce_thumbnail lazyload\" alt=\"Calzone\" srcset=\"data:image\/svg+xml,%3Csvg%20xmlns%3D%27http%3A%2F%2Fwww.w3.org%2F2000%2Fsvg%27%20width%3D%27500%27%20height%3D%27500%27%20viewBox%3D%270%200%20500%20500%27%3E%3Crect%20width%3D%27500%27%20height%3D%27500%27%20fill-opacity%3D%220%22%2F%3E%3C%2Fsvg%3E\" data-orig-src=\"https:\/\/www.koalaartforkids.com\/wp-content\/uploads\/2025\/10\/Calzone-web.png\" data-srcset=\"https:\/\/www.koalaartforkids.com\/wp-content\/uploads\/2025\/10\/Calzone-web-66x66.png 66w, https:\/\/www.koalaartforkids.com\/wp-content\/uploads\/2025\/10\/Calzone-web-200x200.png 200w, https:\/\/www.koalaartforkids.com\/wp-content\/uploads\/2025\/10\/Calzone-web-400x400.png 400w, https:\/\/www.koalaartforkids.com\/wp-content\/uploads\/2025\/10\/Calzone-web.png 500w\" data-sizes=\"auto\" \/><\/div>\n\t\t\t\t\t<div class=\"wc-block-grid__product-title\">Calzone<\/div>\n\t\t\t\t<\/a>\n\t\t\t\t<div class=\"wc-block-grid__product-price price\"><span class=\"woocommerce-Price-amount amount\">18,00&nbsp;<span class=\"woocommerce-Price-currencySymbol\">&euro;<\/span><\/span><\/div>\n\t\t\t\t\n\t\t\t\t<div class=\"wp-block-button wc-block-grid__product-add-to-cart\"><a href=\"https:\/\/www.koalaartforkids.com\/es\/producte\/calzone\/\" aria-label=\"Lee m\u00e1s sobre &ldquo;Calzone&rdquo;\" data-quantity=\"1\" data-product_id=\"6241\" data-product_sku=\"CZ-092020\" data-price=\"18\" rel=\"nofollow\" class=\"wp-block-button__link  add_to_cart_button\">Leer m\u00e1s<\/a><\/div>\n\t\t\t<\/li><\/ul><\/div><\/div>\n<\/div>\n","protected":false},"excerpt":{"rendered":"","protected":false},"author":1,"featured_media":0,"parent":0,"menu_order":0,"comment_status":"closed","ping_status":"closed","template":"","meta":{"footnotes":""},"class_list":["post-6091","page","type-page","status-publish","hentry"],"yoast_head":"<!-- This site is optimized with the Yoast SEO plugin v26.3 - https:\/\/yoast.com\/wordpress\/plugins\/seo\/ -->\n<title>Cistella - KoalaArtForKids | Grans experi\u00e8ncies per a petites ments creatives<\/title>\n<meta name=\"robots\" content=\"index, follow, max-snippet:-1, max-image-preview:large, max-video-preview:-1\" \/>\n<link rel=\"canonical\" href=\"https:\/\/www.koalaartforkids.com\/es\/cistella\/\" \/>\n<meta property=\"og:locale\" content=\"es_ES\" \/>\n<meta property=\"og:type\" content=\"article\" \/>\n<meta property=\"og:title\" content=\"Cistella - KoalaArtForKids | Grans experi\u00e8ncies per a petites ments creatives\" \/>\n<meta property=\"og:url\" content=\"https:\/\/www.koalaartforkids.com\/es\/cistella\/\" \/>\n<meta property=\"og:site_name\" content=\"KoalaArtForKids | Grans experi\u00e8ncies per a petites ments creatives\" \/>\n<meta name=\"twitter:card\" content=\"summary_large_image\" \/>\n<script type=\"application\/ld+json\" class=\"yoast-schema-graph\">{\"@context\":\"https:\/\/schema.org\",\"@graph\":[{\"@type\":\"WebPage\",\"@id\":\"https:\/\/www.koalaartforkids.com\/es\/cistella\/\",\"url\":\"https:\/\/www.koalaartforkids.com\/es\/cistella\/\",\"name\":\"Cistella - KoalaArtForKids | Grans experi\u00e8ncies per a petites ments creatives\",\"isPartOf\":{\"@id\":\"https:\/\/www.koalaartforkids.com\/#website\"},\"datePublished\":\"2025-10-31T08:33:51+00:00\",\"breadcrumb\":{\"@id\":\"https:\/\/www.koalaartforkids.com\/es\/cistella\/#breadcrumb\"},\"inLanguage\":\"es\",\"potentialAction\":[{\"@type\":\"ReadAction\",\"target\":[\"https:\/\/www.koalaartforkids.com\/es\/cistella\/\"]}]},{\"@type\":\"BreadcrumbList\",\"@id\":\"https:\/\/www.koalaartforkids.com\/es\/cistella\/#breadcrumb\",\"itemListElement\":[{\"@type\":\"ListItem\",\"position\":1,\"name\":\"Inici\",\"item\":\"https:\/\/www.koalaartforkids.com\/es\/inicio\/\"},{\"@type\":\"ListItem\",\"position\":2,\"name\":\"Cistella\"}]},{\"@type\":\"WebSite\",\"@id\":\"https:\/\/www.koalaartforkids.com\/#website\",\"url\":\"https:\/\/www.koalaartforkids.com\/\",\"name\":\"KoalaArtForKids | Grans experi\u00e8ncies per a petites ments creatives\",\"description\":\"Som Koala Art for Kids! Un projecte nou i enriquidor que t\u00e9 com a objectiu la difusi\u00f3 de l\u2019art com a mitj\u00e0 per a comunicar-nos i relacionar-nos amb tot el que ens envolta. Oferim una \u00e0mplia varietat de propostes art\u00edstiques de petit i gran format adaptades a tot tipus d\u2019espais i de necessitats.\",\"potentialAction\":[{\"@type\":\"SearchAction\",\"target\":{\"@type\":\"EntryPoint\",\"urlTemplate\":\"https:\/\/www.koalaartforkids.com\/?s={search_term_string}\"},\"query-input\":{\"@type\":\"PropertyValueSpecification\",\"valueRequired\":true,\"valueName\":\"search_term_string\"}}],\"inLanguage\":\"es\"}]}<\/script>\n<!-- \/ Yoast SEO plugin. -->","yoast_head_json":{"title":"Cistella - KoalaArtForKids | Grans experi\u00e8ncies per a petites ments creatives","robots":{"index":"index","follow":"follow","max-snippet":"max-snippet:-1","max-image-preview":"max-image-preview:large","max-video-preview":"max-video-preview:-1"},"canonical":"https:\/\/www.koalaartforkids.com\/es\/cistella\/","og_locale":"es_ES","og_type":"article","og_title":"Cistella - KoalaArtForKids | Grans experi\u00e8ncies per a petites ments creatives","og_url":"https:\/\/www.koalaartforkids.com\/es\/cistella\/","og_site_name":"KoalaArtForKids | Grans experi\u00e8ncies per a petites ments creatives","twitter_card":"summary_large_image","schema":{"@context":"https:\/\/schema.org","@graph":[{"@type":"WebPage","@id":"https:\/\/www.koalaartforkids.com\/es\/cistella\/","url":"https:\/\/www.koalaartforkids.com\/es\/cistella\/","name":"Cistella - KoalaArtForKids | Grans experi\u00e8ncies per a petites ments creatives","isPartOf":{"@id":"https:\/\/www.koalaartforkids.com\/#website"},"datePublished":"2025-10-31T08:33:51+00:00","breadcrumb":{"@id":"https:\/\/www.koalaartforkids.com\/es\/cistella\/#breadcrumb"},"inLanguage":"es","potentialAction":[{"@type":"ReadAction","target":["https:\/\/www.koalaartforkids.com\/es\/cistella\/"]}]},{"@type":"BreadcrumbList","@id":"https:\/\/www.koalaartforkids.com\/es\/cistella\/#breadcrumb","itemListElement":[{"@type":"ListItem","position":1,"name":"Inici","item":"https:\/\/www.koalaartforkids.com\/es\/inicio\/"},{"@type":"ListItem","position":2,"name":"Cistella"}]},{"@type":"WebSite","@id":"https:\/\/www.koalaartforkids.com\/#website","url":"https:\/\/www.koalaartforkids.com\/","name":"KoalaArtForKids | Grans experi\u00e8ncies per a petites ments creatives","description":"Som Koala Art for Kids! Un projecte nou i enriquidor que t\u00e9 com a objectiu la difusi\u00f3 de l\u2019art com a mitj\u00e0 per a comunicar-nos i relacionar-nos amb tot el que ens envolta. Oferim una \u00e0mplia varietat de propostes art\u00edstiques de petit i gran format adaptades a tot tipus d\u2019espais i de necessitats.","potentialAction":[{"@type":"SearchAction","target":{"@type":"EntryPoint","urlTemplate":"https:\/\/www.koalaartforkids.com\/?s={search_term_string}"},"query-input":{"@type":"PropertyValueSpecification","valueRequired":true,"valueName":"search_term_string"}}],"inLanguage":"es"}]}},"_links":{"self":[{"href":"https:\/\/www.koalaartforkids.com\/es\/wp-json\/wp\/v2\/pages\/6091","targetHints":{"allow":["GET"]}}],"collection":[{"href":"https:\/\/www.koalaartforkids.com\/es\/wp-json\/wp\/v2\/pages"}],"about":[{"href":"https:\/\/www.koalaartforkids.com\/es\/wp-json\/wp\/v2\/types\/page"}],"author":[{"embeddable":true,"href":"https:\/\/www.koalaartforkids.com\/es\/wp-json\/wp\/v2\/users\/1"}],"replies":[{"embeddable":true,"href":"https:\/\/www.koalaartforkids.com\/es\/wp-json\/wp\/v2\/comments?post=6091"}],"version-history":[{"count":0,"href":"https:\/\/www.koalaartforkids.com\/es\/wp-json\/wp\/v2\/pages\/6091\/revisions"}],"wp:attachment":[{"href":"https:\/\/www.koalaartforkids.com\/es\/wp-json\/wp\/v2\/media?parent=6091"}],"curies":[{"name":"wp","href":"https:\/\/api.w.org\/{rel}","templated":true}]}}