{"id":5936,"date":"2025-10-20T13:44:55","date_gmt":"2025-10-20T11:44:55","guid":{"rendered":"https:\/\/koala.compsaonline.cat\/pide-un-presupuesto\/"},"modified":"2025-10-30T17:31:10","modified_gmt":"2025-10-30T16:31:10","slug":"pide-un-presupuesto","status":"publish","type":"page","link":"https:\/\/www.koalaartforkids.com\/es\/pide-un-presupuesto\/","title":{"rendered":"Pide un presupuesto"},"content":{"rendered":"<div class=\"fusion-fullwidth fullwidth-box fusion-builder-row-1 fusion-flex-container nonhundred-percent-fullwidth non-hundred-percent-height-scrolling\" style=\"--awb-border-color:hsla(var(--awb-color8-h),var(--awb-color8-s),var(--awb-color8-l),calc( var(--awb-color8-a) - 90% ));--awb-border-radius-top-left:0px;--awb-border-radius-top-right:0px;--awb-border-radius-bottom-right:0px;--awb-border-radius-bottom-left:0px;--awb-padding-top:90px;--awb-padding-bottom:90px;--awb-padding-top-small:60px;--awb-padding-bottom-small:60px;--awb-margin-bottom:0px;--awb-margin-bottom-medium:80px;--awb-margin-bottom-small:0px;--awb-background-color:#4f4f4f;--awb-flex-wrap:wrap;\" ><div class=\"fusion-builder-row fusion-row fusion-flex-align-items-stretch fusion-flex-justify-content-center fusion-flex-content-wrap\" style=\"max-width:988px;margin-left: calc(-4% \/ 2 );margin-right: calc(-4% \/ 2 );\"><div class=\"fusion-layout-column fusion_builder_column fusion-builder-column-0 fusion_builder_column_1_1 1_1 fusion-flex-column\" style=\"--awb-bg-size:cover;--awb-width-large:100%;--awb-margin-top-large:0px;--awb-spacing-right-large:1.92%;--awb-margin-bottom-large:20px;--awb-spacing-left-large:1.92%;--awb-width-medium:100%;--awb-order-medium:0;--awb-spacing-right-medium:1.92%;--awb-spacing-left-medium:1.92%;--awb-width-small:100%;--awb-order-small:0;--awb-spacing-right-small:1.92%;--awb-spacing-left-small:1.92%;\"><div class=\"fusion-column-wrapper fusion-column-has-shadow fusion-flex-justify-content-flex-start fusion-content-layout-column\">\n<div class=\"wpcf7 no-js\" id=\"wpcf7-f6274-o1\" lang=\"es-ES\" dir=\"ltr\" data-wpcf7-id=\"6274\">\n<div class=\"screen-reader-response\"><p role=\"status\" aria-live=\"polite\" aria-atomic=\"true\"><\/p> <ul><\/ul><\/div>\n<form action=\"\/es\/wp-json\/wp\/v2\/pages\/5936#wpcf7-f6274-o1\" method=\"post\" class=\"wpcf7-form init\" aria-label=\"Formulario de contacto\" novalidate=\"novalidate\" data-status=\"init\">\n<fieldset class=\"hidden-fields-container\"><input type=\"hidden\" name=\"_wpcf7\" value=\"6274\" \/><input type=\"hidden\" name=\"_wpcf7_version\" value=\"6.1.2\" \/><input type=\"hidden\" name=\"_wpcf7_locale\" value=\"es_ES\" \/><input type=\"hidden\" name=\"_wpcf7_unit_tag\" value=\"wpcf7-f6274-o1\" \/><input type=\"hidden\" name=\"_wpcf7_container_post\" value=\"0\" \/><input type=\"hidden\" name=\"_wpcf7_posted_data_hash\" value=\"\" \/><input type=\"hidden\" name=\"_wpcf7_recaptcha_response\" value=\"\" \/>\n<\/fieldset>\n<p><label for=\"user_name\">Nombre <\/label><br \/>\n<span class=\"wpcf7-form-control-wrap\" data-name=\"user_name\"><input size=\"40\" maxlength=\"400\" class=\"wpcf7-form-control wpcf7-text wpcf7-validates-as-required\" id=\"user_name\" aria-required=\"true\" aria-invalid=\"false\" value=\"\" type=\"text\" name=\"user_name\" \/><\/span>\n<\/p>\n<p><label for=\"user_email\">Correo electr\u00f3nico <\/label><br \/>\n<span class=\"wpcf7-form-control-wrap\" data-name=\"user_email\"><input size=\"40\" maxlength=\"400\" class=\"wpcf7-form-control wpcf7-email wpcf7-validates-as-required wpcf7-text wpcf7-validates-as-email\" id=\"user_email\" aria-required=\"true\" aria-invalid=\"false\" value=\"\" type=\"email\" name=\"user_email\" \/><\/span>\n<\/p>\n<p><label for=\"event_description\">Descripci\u00f3n del evento<\/label><br \/>\n<span class=\"wpcf7-form-control-wrap\" data-name=\"event_description\"><input size=\"40\" maxlength=\"400\" class=\"wpcf7-form-control wpcf7-text wpcf7-validates-as-required\" id=\"event_description\" aria-required=\"true\" aria-invalid=\"false\" value=\"\" type=\"text\" name=\"event_description\" \/><\/span>\n<\/p>\n<p><label for=\"event_date\">Fecha <\/label><br \/>\n<span class=\"wpcf7-form-control-wrap\" data-name=\"event_date\"><input class=\"wpcf7-form-control wpcf7-date wpcf7-validates-as-required wpcf7-validates-as-date\" id=\"event_date\" aria-required=\"true\" aria-invalid=\"false\" value=\"\" type=\"date\" name=\"event_date\" \/><\/span>\n<\/p>\n<p><label for=\"workshop_duration\">Duraci\u00f3n del taller (Hores) <\/label><br \/>\n<span class=\"wpcf7-form-control-wrap\" data-name=\"workshop_duration\"><input class=\"wpcf7-form-control wpcf7-number wpcf7-validates-as-required wpcf7-validates-as-number\" id=\"workshop_duration\" aria-required=\"true\" aria-invalid=\"false\" value=\"\" type=\"number\" name=\"workshop_duration\" \/><\/span>\n<\/p>\n<p><label for=\"attendance_estimate\">Previsi\u00f3n de asistencia del p\u00fablico (aprox.) <\/label><br \/>\n<span class=\"wpcf7-form-control-wrap\" data-name=\"attendance_estimate\"><select class=\"wpcf7-form-control wpcf7-select wpcf7-validates-as-required\" id=\"attendance_estimate\" aria-required=\"true\" aria-invalid=\"false\" name=\"attendance_estimate\"><option value=\"--Elige una opci\u00f3n--\">--Elige una opci\u00f3n--<\/option><option value=\"10\">10<\/option><option value=\"20\">20<\/option><option value=\"30\">30<\/option><option value=\"50\">50<\/option><option value=\"100\">100<\/option><option value=\"500\">500<\/option><option value=\"+1000\">+1000<\/option><\/select><\/span>\n<\/p>\n<p><label for=\"space\">Espacio <\/label><br \/>\n<span class=\"wpcf7-form-control-wrap\" data-name=\"space\"><select class=\"wpcf7-form-control wpcf7-select wpcf7-validates-as-required\" id=\"space\" aria-required=\"true\" aria-invalid=\"false\" name=\"space\"><option value=\"--Elige una opci\u00f3n--\">--Elige una opci\u00f3n--<\/option><option value=\"INTERIOR\">INTERIOR<\/option><option value=\"EXTERIOR\">EXTERIOR<\/option><\/select><\/span>\n<\/p>\n<p><label for=\"theme_preference\">Preferencia por una tem\u00e1tica\/t\u00e9cnica concreta<\/label><br \/>\n<span class=\"wpcf7-form-control-wrap\" data-name=\"theme_preference\"><input size=\"40\" maxlength=\"400\" class=\"wpcf7-form-control wpcf7-text wpcf7-validates-as-required\" id=\"theme_preference\" aria-required=\"true\" aria-invalid=\"false\" value=\"\" type=\"text\" name=\"theme_preference\" \/><\/span>\n<\/p>\n<p><label for=\"observations\">Observaciones<\/label><br \/>\n<span class=\"wpcf7-form-control-wrap\" data-name=\"observations\"><textarea cols=\"40\" rows=\"10\" maxlength=\"2000\" class=\"wpcf7-form-control wpcf7-textarea wpcf7-validates-as-required\" id=\"observations\" aria-required=\"true\" aria-invalid=\"false\" name=\"observations\"><\/textarea><\/span>\n<\/p>\n<p><span class=\"wpcf7-form-control-wrap\" data-name=\"acceptance-243\"><span class=\"wpcf7-form-control wpcf7-acceptance\"><span class=\"wpcf7-list-item\"><label><input type=\"checkbox\" name=\"acceptance-243\" value=\"1\" aria-invalid=\"false\" \/><span class=\"wpcf7-list-item-label\">He le\u00eddo y acepto la <a href=\"\/es\/politica-privacidad\/\" target=\"_blank\">pol\u00edtica de privacidad<\/a><\/span><\/label><\/span><\/span><\/span>\n<\/p>\n<p><input class=\"wpcf7-form-control wpcf7-submit has-spinner\" type=\"submit\" value=\"ENVIAR\" \/>\n<\/p><div class=\"fusion-alert alert custom alert-custom fusion-alert-center wpcf7-response-output awb-alert-native-link-color alert-dismissable awb-alert-close-boxed\" style=\"--awb-border-size:1px;--awb-border-top-left-radius:0px;--awb-border-top-right-radius:0px;--awb-border-bottom-left-radius:0px;--awb-border-bottom-right-radius:0px;\" role=\"alert\"><div class=\"fusion-alert-content-wrapper\"><span class=\"fusion-alert-content\"><\/span><\/div><button type=\"button\" class=\"close toggle-alert\" data-dismiss=\"alert\" aria-label=\"Close\">&times;<\/button><\/div>\n<\/form>\n<\/div>\n<\/div><\/div><\/div><\/div>\n","protected":false},"excerpt":{"rendered":"","protected":false},"author":1,"featured_media":0,"parent":0,"menu_order":0,"comment_status":"closed","ping_status":"closed","template":"100-width.php","meta":{"footnotes":""},"class_list":["post-5936","page","type-page","status-publish","hentry"],"yoast_head":"<!-- This site is optimized with the Yoast SEO plugin v26.3 - https:\/\/yoast.com\/wordpress\/plugins\/seo\/ -->\n<title>Pide un presupuesto - KoalaArtForKids | Grans experi\u00e8ncies per a petites ments creatives<\/title>\n<meta name=\"robots\" content=\"index, follow, max-snippet:-1, max-image-preview:large, max-video-preview:-1\" \/>\n<link rel=\"canonical\" href=\"https:\/\/www.koalaartforkids.com\/demana-un-pressupost\/\" \/>\n<meta property=\"og:locale\" content=\"es_ES\" \/>\n<meta property=\"og:type\" content=\"article\" \/>\n<meta property=\"og:title\" content=\"Pide un presupuesto - KoalaArtForKids | Grans experi\u00e8ncies per a petites ments creatives\" \/>\n<meta property=\"og:url\" content=\"https:\/\/www.koalaartforkids.com\/demana-un-pressupost\/\" \/>\n<meta property=\"og:site_name\" content=\"KoalaArtForKids | Grans experi\u00e8ncies per a petites ments creatives\" \/>\n<meta property=\"article:modified_time\" content=\"2025-10-30T16:31:10+00:00\" \/>\n<meta name=\"twitter:card\" content=\"summary_large_image\" \/>\n<meta name=\"twitter:label1\" content=\"Tiempo de lectura\" \/>\n\t<meta name=\"twitter:data1\" content=\"2 minutos\" \/>\n<script type=\"application\/ld+json\" class=\"yoast-schema-graph\">{\"@context\":\"https:\/\/schema.org\",\"@graph\":[{\"@type\":\"WebPage\",\"@id\":\"https:\/\/www.koalaartforkids.com\/demana-un-pressupost\/\",\"url\":\"https:\/\/www.koalaartforkids.com\/demana-un-pressupost\/\",\"name\":\"Pide un presupuesto - KoalaArtForKids | Grans experi\u00e8ncies per a petites ments creatives\",\"isPartOf\":{\"@id\":\"https:\/\/www.koalaartforkids.com\/#website\"},\"datePublished\":\"2025-10-20T11:44:55+00:00\",\"dateModified\":\"2025-10-30T16:31:10+00:00\",\"breadcrumb\":{\"@id\":\"https:\/\/www.koalaartforkids.com\/demana-un-pressupost\/#breadcrumb\"},\"inLanguage\":\"es\",\"potentialAction\":[{\"@type\":\"ReadAction\",\"target\":[\"https:\/\/www.koalaartforkids.com\/demana-un-pressupost\/\"]}]},{\"@type\":\"BreadcrumbList\",\"@id\":\"https:\/\/www.koalaartforkids.com\/demana-un-pressupost\/#breadcrumb\",\"itemListElement\":[{\"@type\":\"ListItem\",\"position\":1,\"name\":\"Inici\",\"item\":\"https:\/\/www.koalaartforkids.com\/es\/inicio\/\"},{\"@type\":\"ListItem\",\"position\":2,\"name\":\"Pide un presupuesto\"}]},{\"@type\":\"WebSite\",\"@id\":\"https:\/\/www.koalaartforkids.com\/#website\",\"url\":\"https:\/\/www.koalaartforkids.com\/\",\"name\":\"KoalaArtForKids | Grans experi\u00e8ncies per a petites ments creatives\",\"description\":\"Som Koala Art for Kids! Un projecte nou i enriquidor que t\u00e9 com a objectiu la difusi\u00f3 de l\u2019art com a mitj\u00e0 per a comunicar-nos i relacionar-nos amb tot el que ens envolta. Oferim una \u00e0mplia varietat de propostes art\u00edstiques de petit i gran format adaptades a tot tipus d\u2019espais i de necessitats.\",\"potentialAction\":[{\"@type\":\"SearchAction\",\"target\":{\"@type\":\"EntryPoint\",\"urlTemplate\":\"https:\/\/www.koalaartforkids.com\/?s={search_term_string}\"},\"query-input\":{\"@type\":\"PropertyValueSpecification\",\"valueRequired\":true,\"valueName\":\"search_term_string\"}}],\"inLanguage\":\"es\"}]}<\/script>\n<!-- \/ Yoast SEO plugin. -->","yoast_head_json":{"title":"Pide un presupuesto - KoalaArtForKids | Grans experi\u00e8ncies per a petites ments creatives","robots":{"index":"index","follow":"follow","max-snippet":"max-snippet:-1","max-image-preview":"max-image-preview:large","max-video-preview":"max-video-preview:-1"},"canonical":"https:\/\/www.koalaartforkids.com\/demana-un-pressupost\/","og_locale":"es_ES","og_type":"article","og_title":"Pide un presupuesto - KoalaArtForKids | Grans experi\u00e8ncies per a petites ments creatives","og_url":"https:\/\/www.koalaartforkids.com\/demana-un-pressupost\/","og_site_name":"KoalaArtForKids | Grans experi\u00e8ncies per a petites ments creatives","article_modified_time":"2025-10-30T16:31:10+00:00","twitter_card":"summary_large_image","twitter_misc":{"Tiempo de lectura":"2 minutos"},"schema":{"@context":"https:\/\/schema.org","@graph":[{"@type":"WebPage","@id":"https:\/\/www.koalaartforkids.com\/demana-un-pressupost\/","url":"https:\/\/www.koalaartforkids.com\/demana-un-pressupost\/","name":"Pide un presupuesto - KoalaArtForKids | Grans experi\u00e8ncies per a petites ments creatives","isPartOf":{"@id":"https:\/\/www.koalaartforkids.com\/#website"},"datePublished":"2025-10-20T11:44:55+00:00","dateModified":"2025-10-30T16:31:10+00:00","breadcrumb":{"@id":"https:\/\/www.koalaartforkids.com\/demana-un-pressupost\/#breadcrumb"},"inLanguage":"es","potentialAction":[{"@type":"ReadAction","target":["https:\/\/www.koalaartforkids.com\/demana-un-pressupost\/"]}]},{"@type":"BreadcrumbList","@id":"https:\/\/www.koalaartforkids.com\/demana-un-pressupost\/#breadcrumb","itemListElement":[{"@type":"ListItem","position":1,"name":"Inici","item":"https:\/\/www.koalaartforkids.com\/es\/inicio\/"},{"@type":"ListItem","position":2,"name":"Pide un presupuesto"}]},{"@type":"WebSite","@id":"https:\/\/www.koalaartforkids.com\/#website","url":"https:\/\/www.koalaartforkids.com\/","name":"KoalaArtForKids | Grans experi\u00e8ncies per a petites ments creatives","description":"Som Koala Art for Kids! Un projecte nou i enriquidor que t\u00e9 com a objectiu la difusi\u00f3 de l\u2019art com a mitj\u00e0 per a comunicar-nos i relacionar-nos amb tot el que ens envolta. Oferim una \u00e0mplia varietat de propostes art\u00edstiques de petit i gran format adaptades a tot tipus d\u2019espais i de necessitats.","potentialAction":[{"@type":"SearchAction","target":{"@type":"EntryPoint","urlTemplate":"https:\/\/www.koalaartforkids.com\/?s={search_term_string}"},"query-input":{"@type":"PropertyValueSpecification","valueRequired":true,"valueName":"search_term_string"}}],"inLanguage":"es"}]}},"_links":{"self":[{"href":"https:\/\/www.koalaartforkids.com\/es\/wp-json\/wp\/v2\/pages\/5936","targetHints":{"allow":["GET"]}}],"collection":[{"href":"https:\/\/www.koalaartforkids.com\/es\/wp-json\/wp\/v2\/pages"}],"about":[{"href":"https:\/\/www.koalaartforkids.com\/es\/wp-json\/wp\/v2\/types\/page"}],"author":[{"embeddable":true,"href":"https:\/\/www.koalaartforkids.com\/es\/wp-json\/wp\/v2\/users\/1"}],"replies":[{"embeddable":true,"href":"https:\/\/www.koalaartforkids.com\/es\/wp-json\/wp\/v2\/comments?post=5936"}],"version-history":[{"count":1,"href":"https:\/\/www.koalaartforkids.com\/es\/wp-json\/wp\/v2\/pages\/5936\/revisions"}],"predecessor-version":[{"id":5937,"href":"https:\/\/www.koalaartforkids.com\/es\/wp-json\/wp\/v2\/pages\/5936\/revisions\/5937"}],"wp:attachment":[{"href":"https:\/\/www.koalaartforkids.com\/es\/wp-json\/wp\/v2\/media?parent=5936"}],"curies":[{"name":"wp","href":"https:\/\/api.w.org\/{rel}","templated":true}]}}