{"id":6624,"date":"2025-10-31T10:49:15","date_gmt":"2025-10-31T09:49:15","guid":{"rendered":"https:\/\/www.koalaartforkids.com\/producte\/calzone\/"},"modified":"2026-01-30T10:31:52","modified_gmt":"2026-01-30T09:31:52","slug":"calzone","status":"publish","type":"product","link":"https:\/\/www.koalaartforkids.com\/en\/producte\/calzone\/","title":{"rendered":"Calzone"},"content":{"rendered":"","protected":false},"excerpt":{"rendered":"<p>This is a box to invent and experiment as much as you want! Cut, sink, file, stick&#8230; Are the results endless&#8230; Do you dare?? In this kit you will find all the necessary material and a QR code that will take you to a video tutorial that will explain the step by step.<\/p>\n","protected":false},"featured_media":6625,"comment_status":"open","ping_status":"closed","template":"","meta":[],"product_brand":[],"product_cat":[77],"product_tag":[],"class_list":{"0":"post-6624","1":"product","2":"type-product","3":"status-publish","4":"has-post-thumbnail","6":"product_cat-artkits","8":"first","9":"outofstock","10":"shipping-taxable","11":"purchasable","12":"product-type-simple"},"yoast_head":"<!-- This site is optimized with the Yoast SEO plugin v26.3 - https:\/\/yoast.com\/wordpress\/plugins\/seo\/ -->\n<title>Calzone - KoalaArtForKids | Grans experi\u00e8ncies per a petites ments creatives<\/title>\n<meta name=\"robots\" content=\"index, follow, max-snippet:-1, max-image-preview:large, max-video-preview:-1\" \/>\n<link rel=\"canonical\" href=\"https:\/\/www.koalaartforkids.com\/en\/producte\/calzone\/\" \/>\n<meta property=\"og:locale\" content=\"en_US\" \/>\n<meta property=\"og:type\" content=\"article\" \/>\n<meta property=\"og:title\" content=\"Calzone - KoalaArtForKids | Grans experi\u00e8ncies per a petites ments creatives\" \/>\n<meta property=\"og:description\" content=\"This is a box to invent and experiment as much as you want! Cut, sink, file, stick... Are the results endless... Do you dare?? In this kit you will find all the necessary material and a QR code that will take you to a video tutorial that will explain the step by step.\" \/>\n<meta property=\"og:url\" content=\"https:\/\/www.koalaartforkids.com\/en\/producte\/calzone\/\" \/>\n<meta property=\"og:site_name\" content=\"KoalaArtForKids | Grans experi\u00e8ncies per a petites ments creatives\" \/>\n<meta property=\"article:modified_time\" content=\"2026-01-30T09:31:52+00:00\" \/>\n<meta property=\"og:image\" content=\"https:\/\/www.koalaartforkids.com\/wp-content\/uploads\/2025\/10\/Calzone-web.png\" \/>\n\t<meta property=\"og:image:width\" content=\"500\" \/>\n\t<meta property=\"og:image:height\" content=\"500\" \/>\n\t<meta property=\"og:image:type\" content=\"image\/png\" \/>\n<meta name=\"twitter:card\" content=\"summary_large_image\" \/>\n<meta name=\"twitter:label1\" content=\"Est. reading time\" \/>\n\t<meta name=\"twitter:data1\" content=\"1 minute\" \/>\n<script type=\"application\/ld+json\" class=\"yoast-schema-graph\">{\"@context\":\"https:\/\/schema.org\",\"@graph\":[{\"@type\":\"WebPage\",\"@id\":\"https:\/\/www.koalaartforkids.com\/en\/producte\/calzone\/\",\"url\":\"https:\/\/www.koalaartforkids.com\/en\/producte\/calzone\/\",\"name\":\"Calzone - KoalaArtForKids | Grans experi\u00e8ncies per a petites ments creatives\",\"isPartOf\":{\"@id\":\"https:\/\/www.koalaartforkids.com\/#website\"},\"primaryImageOfPage\":{\"@id\":\"https:\/\/www.koalaartforkids.com\/en\/producte\/calzone\/#primaryimage\"},\"image\":{\"@id\":\"https:\/\/www.koalaartforkids.com\/en\/producte\/calzone\/#primaryimage\"},\"thumbnailUrl\":\"https:\/\/www.koalaartforkids.com\/wp-content\/uploads\/2025\/10\/Calzone-web.png\",\"datePublished\":\"2025-10-31T09:49:15+00:00\",\"dateModified\":\"2026-01-30T09:31:52+00:00\",\"breadcrumb\":{\"@id\":\"https:\/\/www.koalaartforkids.com\/en\/producte\/calzone\/#breadcrumb\"},\"inLanguage\":\"en-US\",\"potentialAction\":[{\"@type\":\"ReadAction\",\"target\":[\"https:\/\/www.koalaartforkids.com\/en\/producte\/calzone\/\"]}]},{\"@type\":\"ImageObject\",\"inLanguage\":\"en-US\",\"@id\":\"https:\/\/www.koalaartforkids.com\/en\/producte\/calzone\/#primaryimage\",\"url\":\"https:\/\/www.koalaartforkids.com\/wp-content\/uploads\/2025\/10\/Calzone-web.png\",\"contentUrl\":\"https:\/\/www.koalaartforkids.com\/wp-content\/uploads\/2025\/10\/Calzone-web.png\",\"width\":500,\"height\":500},{\"@type\":\"BreadcrumbList\",\"@id\":\"https:\/\/www.koalaartforkids.com\/en\/producte\/calzone\/#breadcrumb\",\"itemListElement\":[{\"@type\":\"ListItem\",\"position\":1,\"name\":\"Inici\",\"item\":\"https:\/\/www.koalaartforkids.com\/en\/home\/\"},{\"@type\":\"ListItem\",\"position\":2,\"name\":\"Shop\",\"item\":\"https:\/\/www.koalaartforkids.com\/en\/botiga\/\"},{\"@type\":\"ListItem\",\"position\":3,\"name\":\"Calzone\"}]},{\"@type\":\"WebSite\",\"@id\":\"https:\/\/www.koalaartforkids.com\/#website\",\"url\":\"https:\/\/www.koalaartforkids.com\/\",\"name\":\"KoalaArtForKids | Grans experi\u00e8ncies per a petites ments creatives\",\"description\":\"Som Koala Art for Kids! Un projecte nou i enriquidor que t\u00e9 com a objectiu la difusi\u00f3 de l\u2019art com a mitj\u00e0 per a comunicar-nos i relacionar-nos amb tot el que ens envolta. Oferim una \u00e0mplia varietat de propostes art\u00edstiques de petit i gran format adaptades a tot tipus d\u2019espais i de necessitats.\",\"potentialAction\":[{\"@type\":\"SearchAction\",\"target\":{\"@type\":\"EntryPoint\",\"urlTemplate\":\"https:\/\/www.koalaartforkids.com\/?s={search_term_string}\"},\"query-input\":{\"@type\":\"PropertyValueSpecification\",\"valueRequired\":true,\"valueName\":\"search_term_string\"}}],\"inLanguage\":\"en-US\"}]}<\/script>\n<!-- \/ Yoast SEO plugin. -->","yoast_head_json":{"title":"Calzone - KoalaArtForKids | Grans experi\u00e8ncies per a petites ments creatives","robots":{"index":"index","follow":"follow","max-snippet":"max-snippet:-1","max-image-preview":"max-image-preview:large","max-video-preview":"max-video-preview:-1"},"canonical":"https:\/\/www.koalaartforkids.com\/en\/producte\/calzone\/","og_locale":"en_US","og_type":"article","og_title":"Calzone - KoalaArtForKids | Grans experi\u00e8ncies per a petites ments creatives","og_description":"This is a box to invent and experiment as much as you want! Cut, sink, file, stick... Are the results endless... Do you dare?? In this kit you will find all the necessary material and a QR code that will take you to a video tutorial that will explain the step by step.","og_url":"https:\/\/www.koalaartforkids.com\/en\/producte\/calzone\/","og_site_name":"KoalaArtForKids | Grans experi\u00e8ncies per a petites ments creatives","article_modified_time":"2026-01-30T09:31:52+00:00","og_image":[{"width":500,"height":500,"url":"https:\/\/www.koalaartforkids.com\/wp-content\/uploads\/2025\/10\/Calzone-web.png","type":"image\/png"}],"twitter_card":"summary_large_image","twitter_misc":{"Est. reading time":"1 minute"},"schema":{"@context":"https:\/\/schema.org","@graph":[{"@type":"WebPage","@id":"https:\/\/www.koalaartforkids.com\/en\/producte\/calzone\/","url":"https:\/\/www.koalaartforkids.com\/en\/producte\/calzone\/","name":"Calzone - KoalaArtForKids | Grans experi\u00e8ncies per a petites ments creatives","isPartOf":{"@id":"https:\/\/www.koalaartforkids.com\/#website"},"primaryImageOfPage":{"@id":"https:\/\/www.koalaartforkids.com\/en\/producte\/calzone\/#primaryimage"},"image":{"@id":"https:\/\/www.koalaartforkids.com\/en\/producte\/calzone\/#primaryimage"},"thumbnailUrl":"https:\/\/www.koalaartforkids.com\/wp-content\/uploads\/2025\/10\/Calzone-web.png","datePublished":"2025-10-31T09:49:15+00:00","dateModified":"2026-01-30T09:31:52+00:00","breadcrumb":{"@id":"https:\/\/www.koalaartforkids.com\/en\/producte\/calzone\/#breadcrumb"},"inLanguage":"en-US","potentialAction":[{"@type":"ReadAction","target":["https:\/\/www.koalaartforkids.com\/en\/producte\/calzone\/"]}]},{"@type":"ImageObject","inLanguage":"en-US","@id":"https:\/\/www.koalaartforkids.com\/en\/producte\/calzone\/#primaryimage","url":"https:\/\/www.koalaartforkids.com\/wp-content\/uploads\/2025\/10\/Calzone-web.png","contentUrl":"https:\/\/www.koalaartforkids.com\/wp-content\/uploads\/2025\/10\/Calzone-web.png","width":500,"height":500},{"@type":"BreadcrumbList","@id":"https:\/\/www.koalaartforkids.com\/en\/producte\/calzone\/#breadcrumb","itemListElement":[{"@type":"ListItem","position":1,"name":"Inici","item":"https:\/\/www.koalaartforkids.com\/en\/home\/"},{"@type":"ListItem","position":2,"name":"Shop","item":"https:\/\/www.koalaartforkids.com\/en\/botiga\/"},{"@type":"ListItem","position":3,"name":"Calzone"}]},{"@type":"WebSite","@id":"https:\/\/www.koalaartforkids.com\/#website","url":"https:\/\/www.koalaartforkids.com\/","name":"KoalaArtForKids | Grans experi\u00e8ncies per a petites ments creatives","description":"Som Koala Art for Kids! Un projecte nou i enriquidor que t\u00e9 com a objectiu la difusi\u00f3 de l\u2019art com a mitj\u00e0 per a comunicar-nos i relacionar-nos amb tot el que ens envolta. Oferim una \u00e0mplia varietat de propostes art\u00edstiques de petit i gran format adaptades a tot tipus d\u2019espais i de necessitats.","potentialAction":[{"@type":"SearchAction","target":{"@type":"EntryPoint","urlTemplate":"https:\/\/www.koalaartforkids.com\/?s={search_term_string}"},"query-input":{"@type":"PropertyValueSpecification","valueRequired":true,"valueName":"search_term_string"}}],"inLanguage":"en-US"}]}},"_links":{"self":[{"href":"https:\/\/www.koalaartforkids.com\/en\/wp-json\/wp\/v2\/product\/6624","targetHints":{"allow":["GET"]}}],"collection":[{"href":"https:\/\/www.koalaartforkids.com\/en\/wp-json\/wp\/v2\/product"}],"about":[{"href":"https:\/\/www.koalaartforkids.com\/en\/wp-json\/wp\/v2\/types\/product"}],"replies":[{"embeddable":true,"href":"https:\/\/www.koalaartforkids.com\/en\/wp-json\/wp\/v2\/comments?post=6624"}],"wp:featuredmedia":[{"embeddable":true,"href":"https:\/\/www.koalaartforkids.com\/en\/wp-json\/wp\/v2\/media\/6625"}],"wp:attachment":[{"href":"https:\/\/www.koalaartforkids.com\/en\/wp-json\/wp\/v2\/media?parent=6624"}],"wp:term":[{"taxonomy":"product_brand","embeddable":true,"href":"https:\/\/www.koalaartforkids.com\/en\/wp-json\/wp\/v2\/product_brand?post=6624"},{"taxonomy":"product_cat","embeddable":true,"href":"https:\/\/www.koalaartforkids.com\/en\/wp-json\/wp\/v2\/product_cat?post=6624"},{"taxonomy":"product_tag","embeddable":true,"href":"https:\/\/www.koalaartforkids.com\/en\/wp-json\/wp\/v2\/product_tag?post=6624"}],"curies":[{"name":"wp","href":"https:\/\/api.w.org\/{rel}","templated":true}]}}