{"id":6533,"date":"2025-10-30T16:25:47","date_gmt":"2025-10-30T15:25:47","guid":{"rendered":"https:\/\/www.koalaartforkids.com\/politica-cookies\/"},"modified":"2026-01-28T11:49:53","modified_gmt":"2026-01-28T10:49:53","slug":"politica-cookies","status":"publish","type":"page","link":"https:\/\/www.koalaartforkids.com\/en\/politica-cookies\/","title":{"rendered":"Pol\u00edtica de Cookies"},"content":{"rendered":"<div class=\"fusion-fullwidth fullwidth-box fusion-builder-row-1 fusion-flex-container has-pattern-background has-mask-background nonhundred-percent-fullwidth non-hundred-percent-height-scrolling\" style=\"--awb-border-radius-top-left:0px;--awb-border-radius-top-right:0px;--awb-border-radius-bottom-right:0px;--awb-border-radius-bottom-left:0px;--awb-padding-top:80px;--awb-padding-bottom:90px;--awb-background-color:var(--awb-color7);--awb-flex-wrap:wrap;\" ><div class=\"fusion-builder-row fusion-row fusion-flex-align-items-flex-start fusion-flex-content-wrap\" style=\"max-width:988px;margin-left: calc(-4% \/ 2 );margin-right: calc(-4% \/ 2 );\"><div class=\"fusion-layout-column fusion_builder_column fusion-builder-column-0 fusion_builder_column_1_1 1_1 fusion-flex-column\" style=\"--awb-bg-size:cover;--awb-width-large:100%;--awb-margin-top-large:0px;--awb-spacing-right-large:1.92%;--awb-margin-bottom-large:0px;--awb-spacing-left-large:1.92%;--awb-width-medium:100%;--awb-order-medium:0;--awb-spacing-right-medium:1.92%;--awb-spacing-left-medium:1.92%;--awb-width-small:100%;--awb-order-small:0;--awb-spacing-right-small:1.92%;--awb-spacing-left-small:1.92%;\"><div class=\"fusion-column-wrapper fusion-column-has-shadow fusion-flex-justify-content-flex-start fusion-content-layout-column\"><div class=\"fusion-text fusion-text-1 fusion-text-no-margin\" style=\"--awb-font-size:50px;--awb-line-height:28px;--awb-text-color:var(--awb-color4);--awb-margin-bottom:40px;\"><p><strong><span dir=\"auto\" style=\"vertical-align: inherit;\"><span dir=\"auto\" style=\"vertical-align: inherit;\">COOKIE POLICY<\/span><\/span><\/strong><\/p>\n<\/div><div class=\"fusion-text fusion-text-2 fusion-text-no-margin\" style=\"--awb-font-size:22px;--awb-text-color:var(--awb-color1);--awb-margin-bottom:0px;\"><div style=\"text-align: justify;\">\n<p style=\"text-align: left;\"><span dir=\"auto\" style=\"vertical-align: inherit;\"><span dir=\"auto\" style=\"vertical-align: inherit;\">This website uses cookies to improve the user experience. Below you will find information about what cookies are, what types of cookies this website uses, how you can disable cookies in your browser and how to specifically disable the installation of third-party cookies. If you do not find the specific information you are looking for, please send an email to <\/span><\/span><b><u><span dir=\"auto\" style=\"vertical-align: inherit;\"><span dir=\"auto\" style=\"vertical-align: inherit;\">hola@koalaartforkids.com<\/span><\/span><\/u><\/b><span dir=\"auto\" style=\"vertical-align: inherit;\"><span dir=\"auto\" style=\"vertical-align: inherit;\"> .<\/span><\/span><\/p>\n<h3 style=\"text-align: left;\"><strong style=\"color: var(--awb-color4);\"><span dir=\"auto\" style=\"vertical-align: inherit;\"><span dir=\"auto\" style=\"vertical-align: inherit;\">What are cookies?<\/span><\/span><\/strong><\/h3>\n<p style=\"text-align: left;\"><span dir=\"auto\" style=\"vertical-align: inherit;\"><span dir=\"auto\" style=\"vertical-align: inherit;\">Cookies are useful for several reasons. From a technical point of view, they allow websites to function more quickly and adapt to your preferences, such as storing your language or the currency of your country. They also help website owners improve the services they offer, thanks to the statistical information they collect through them, and they help make the advertising we can show you more efficient.<\/span><\/span><\/p>\n<h3 style=\"text-align: left;\"><strong style=\"color: var(--awb-color4);\"><span dir=\"auto\" style=\"vertical-align: inherit;\"><span dir=\"auto\" style=\"vertical-align: inherit;\">What use do we give to the different types of cookies?<\/span><\/span><\/strong><\/h3>\n<p style=\"text-align: left;\"><strong><span dir=\"auto\" style=\"vertical-align: inherit;\"><span dir=\"auto\" style=\"vertical-align: inherit;\">Session cookies:<\/span><\/span><\/strong><span dir=\"auto\" style=\"vertical-align: inherit;\"><span dir=\"auto\" style=\"vertical-align: inherit;\"> Session cookies are those that last for the time that the user is browsing the website and are deleted when finished.<\/span><\/span><\/p>\n<p style=\"text-align: left;\"><strong><span dir=\"auto\" style=\"vertical-align: inherit;\"><span dir=\"auto\" style=\"vertical-align: inherit;\">Persistent cookies:<\/span><\/span><\/strong><span dir=\"auto\" style=\"vertical-align: inherit;\"><span dir=\"auto\" style=\"vertical-align: inherit;\"> These cookies are stored on the user&#8217;s terminal for a longer time, thus facilitating control of the chosen preferences without having to repeat certain parameters each time the website is visited.<\/span><\/span><\/p>\n<p style=\"text-align: left;\"><strong><span dir=\"auto\" style=\"vertical-align: inherit;\"><span dir=\"auto\" style=\"vertical-align: inherit;\">Own cookies:<\/span><\/span><\/strong><span dir=\"auto\" style=\"vertical-align: inherit;\"><span dir=\"auto\" style=\"vertical-align: inherit;\"> These are cookies created by the website and can only be read by the page itself. For example: technical cookies for loading images, cookies for personalizing website parameters, traffic analysis cookies, etc.<\/span><\/span><\/p>\n<p style=\"text-align: left;\"><strong><span dir=\"auto\" style=\"vertical-align: inherit;\"><span dir=\"auto\" style=\"vertical-align: inherit;\">Third-party cookies:<\/span><\/span><\/strong><span dir=\"auto\" style=\"vertical-align: inherit;\"><span dir=\"auto\" style=\"vertical-align: inherit;\"> These are cookies created by third parties and that we use for different services (e.g. website analysis or advertising).<\/span><\/span><\/p>\n<p style=\"text-align: left; color: #dbd11e;\"><b><span dir=\"auto\" style=\"vertical-align: inherit;\"><span dir=\"auto\" style=\"vertical-align: inherit;\">According to its purpose:<\/span><\/span><\/b><\/p>\n<p style=\"text-align: left;\"><strong><span dir=\"auto\" style=\"vertical-align: inherit;\"><span dir=\"auto\" style=\"vertical-align: inherit;\">Technical cookies:<\/span><\/span><\/strong><span dir=\"auto\" style=\"vertical-align: inherit;\"><span dir=\"auto\" style=\"vertical-align: inherit;\"> Technical cookies are those that are essential and strictly necessary for the correct functioning of a web portal and the use of the different options and services it offers. For example, those that serve to maintain the session, manage response time, performance or validation of options, use security elements, share content on social networks, etc.<\/span><\/span><\/p>\n<p style=\"text-align: left;\"><strong><span dir=\"auto\" style=\"vertical-align: inherit;\"><span dir=\"auto\" style=\"vertical-align: inherit;\">Personalization cookies:<\/span><\/span><\/strong><span dir=\"auto\" style=\"vertical-align: inherit;\"><span dir=\"auto\" style=\"vertical-align: inherit;\"> These cookies allow the user to specify or customize some characteristics of the general options of the website, for example, defining the language, regional settings or browser type.<\/span><\/span><\/p>\n<p style=\"text-align: left;\"><strong><span dir=\"auto\" style=\"vertical-align: inherit;\"><span dir=\"auto\" style=\"vertical-align: inherit;\">Analytical cookies:<\/span><\/span><\/strong><span dir=\"auto\" style=\"vertical-align: inherit;\"><span dir=\"auto\" style=\"vertical-align: inherit;\"> Analytical cookies are those used by our website to create browsing profiles and learn about the preferences of its users in order to improve the range of products and services. For example, an analytical cookie would control the geographical areas of greatest interest to a user, which product is the most popular, etc.<\/span><\/span><\/p>\n<p style=\"text-align: left;\"><strong><span dir=\"auto\" style=\"vertical-align: inherit;\"><span dir=\"auto\" style=\"vertical-align: inherit;\">Advertising cookies:<\/span><\/span><\/strong><span dir=\"auto\" style=\"vertical-align: inherit;\"><span dir=\"auto\" style=\"vertical-align: inherit;\"> Advertising cookies allow the management of advertising spaces based on specific criteria. For example, frequency of access, edited content, etc. Advertising cookies allow, through the management of advertising, to store behavioral information through the observation of habits, studying accesses and forming a profile of user preferences, to offer advertising related to the interests of their profile.<\/span><\/span><\/p>\n<\/div>\n<\/div><\/div><\/div><\/div><\/div>\n","protected":false},"excerpt":{"rendered":"","protected":false},"author":1,"featured_media":0,"parent":0,"menu_order":0,"comment_status":"closed","ping_status":"closed","template":"100-width.php","meta":{"footnotes":""},"class_list":["post-6533","page","type-page","status-publish","hentry"],"yoast_head":"<!-- This site is optimized with the Yoast SEO plugin v26.3 - https:\/\/yoast.com\/wordpress\/plugins\/seo\/ -->\n<title>Pol\u00edtica de Cookies - KoalaArtForKids | Grans experi\u00e8ncies per a petites ments creatives<\/title>\n<meta name=\"robots\" content=\"index, follow, max-snippet:-1, max-image-preview:large, max-video-preview:-1\" \/>\n<link rel=\"canonical\" href=\"https:\/\/www.koalaartforkids.com\/en\/politica-cookies\/\" \/>\n<meta property=\"og:locale\" content=\"en_US\" \/>\n<meta property=\"og:type\" content=\"article\" \/>\n<meta property=\"og:title\" content=\"Pol\u00edtica de Cookies - KoalaArtForKids | Grans experi\u00e8ncies per a petites ments creatives\" \/>\n<meta property=\"og:url\" content=\"https:\/\/www.koalaartforkids.com\/en\/politica-cookies\/\" \/>\n<meta property=\"og:site_name\" content=\"KoalaArtForKids | Grans experi\u00e8ncies per a petites ments creatives\" \/>\n<meta property=\"article:modified_time\" content=\"2026-01-28T10:49:53+00:00\" \/>\n<meta name=\"twitter:card\" content=\"summary_large_image\" \/>\n<meta name=\"twitter:label1\" content=\"Est. reading time\" \/>\n\t<meta name=\"twitter:data1\" content=\"3 minutes\" \/>\n<script type=\"application\/ld+json\" class=\"yoast-schema-graph\">{\"@context\":\"https:\/\/schema.org\",\"@graph\":[{\"@type\":\"WebPage\",\"@id\":\"https:\/\/www.koalaartforkids.com\/en\/politica-cookies\/\",\"url\":\"https:\/\/www.koalaartforkids.com\/en\/politica-cookies\/\",\"name\":\"Pol\u00edtica de Cookies - KoalaArtForKids | Grans experi\u00e8ncies per a petites ments creatives\",\"isPartOf\":{\"@id\":\"https:\/\/www.koalaartforkids.com\/#website\"},\"datePublished\":\"2025-10-30T15:25:47+00:00\",\"dateModified\":\"2026-01-28T10:49:53+00:00\",\"breadcrumb\":{\"@id\":\"https:\/\/www.koalaartforkids.com\/en\/politica-cookies\/#breadcrumb\"},\"inLanguage\":\"en-US\",\"potentialAction\":[{\"@type\":\"ReadAction\",\"target\":[\"https:\/\/www.koalaartforkids.com\/en\/politica-cookies\/\"]}]},{\"@type\":\"BreadcrumbList\",\"@id\":\"https:\/\/www.koalaartforkids.com\/en\/politica-cookies\/#breadcrumb\",\"itemListElement\":[{\"@type\":\"ListItem\",\"position\":1,\"name\":\"Inici\",\"item\":\"https:\/\/www.koalaartforkids.com\/en\/home\/\"},{\"@type\":\"ListItem\",\"position\":2,\"name\":\"Pol\u00edtica de Cookies\"}]},{\"@type\":\"WebSite\",\"@id\":\"https:\/\/www.koalaartforkids.com\/#website\",\"url\":\"https:\/\/www.koalaartforkids.com\/\",\"name\":\"KoalaArtForKids | Grans experi\u00e8ncies per a petites ments creatives\",\"description\":\"Som Koala Art for Kids! Un projecte nou i enriquidor que t\u00e9 com a objectiu la difusi\u00f3 de l\u2019art com a mitj\u00e0 per a comunicar-nos i relacionar-nos amb tot el que ens envolta. Oferim una \u00e0mplia varietat de propostes art\u00edstiques de petit i gran format adaptades a tot tipus d\u2019espais i de necessitats.\",\"potentialAction\":[{\"@type\":\"SearchAction\",\"target\":{\"@type\":\"EntryPoint\",\"urlTemplate\":\"https:\/\/www.koalaartforkids.com\/?s={search_term_string}\"},\"query-input\":{\"@type\":\"PropertyValueSpecification\",\"valueRequired\":true,\"valueName\":\"search_term_string\"}}],\"inLanguage\":\"en-US\"}]}<\/script>\n<!-- \/ Yoast SEO plugin. -->","yoast_head_json":{"title":"Pol\u00edtica de Cookies - KoalaArtForKids | Grans experi\u00e8ncies per a petites ments creatives","robots":{"index":"index","follow":"follow","max-snippet":"max-snippet:-1","max-image-preview":"max-image-preview:large","max-video-preview":"max-video-preview:-1"},"canonical":"https:\/\/www.koalaartforkids.com\/en\/politica-cookies\/","og_locale":"en_US","og_type":"article","og_title":"Pol\u00edtica de Cookies - KoalaArtForKids | Grans experi\u00e8ncies per a petites ments creatives","og_url":"https:\/\/www.koalaartforkids.com\/en\/politica-cookies\/","og_site_name":"KoalaArtForKids | Grans experi\u00e8ncies per a petites ments creatives","article_modified_time":"2026-01-28T10:49:53+00:00","twitter_card":"summary_large_image","twitter_misc":{"Est. reading time":"3 minutes"},"schema":{"@context":"https:\/\/schema.org","@graph":[{"@type":"WebPage","@id":"https:\/\/www.koalaartforkids.com\/en\/politica-cookies\/","url":"https:\/\/www.koalaartforkids.com\/en\/politica-cookies\/","name":"Pol\u00edtica de Cookies - KoalaArtForKids | Grans experi\u00e8ncies per a petites ments creatives","isPartOf":{"@id":"https:\/\/www.koalaartforkids.com\/#website"},"datePublished":"2025-10-30T15:25:47+00:00","dateModified":"2026-01-28T10:49:53+00:00","breadcrumb":{"@id":"https:\/\/www.koalaartforkids.com\/en\/politica-cookies\/#breadcrumb"},"inLanguage":"en-US","potentialAction":[{"@type":"ReadAction","target":["https:\/\/www.koalaartforkids.com\/en\/politica-cookies\/"]}]},{"@type":"BreadcrumbList","@id":"https:\/\/www.koalaartforkids.com\/en\/politica-cookies\/#breadcrumb","itemListElement":[{"@type":"ListItem","position":1,"name":"Inici","item":"https:\/\/www.koalaartforkids.com\/en\/home\/"},{"@type":"ListItem","position":2,"name":"Pol\u00edtica de Cookies"}]},{"@type":"WebSite","@id":"https:\/\/www.koalaartforkids.com\/#website","url":"https:\/\/www.koalaartforkids.com\/","name":"KoalaArtForKids | Grans experi\u00e8ncies per a petites ments creatives","description":"Som Koala Art for Kids! Un projecte nou i enriquidor que t\u00e9 com a objectiu la difusi\u00f3 de l\u2019art com a mitj\u00e0 per a comunicar-nos i relacionar-nos amb tot el que ens envolta. Oferim una \u00e0mplia varietat de propostes art\u00edstiques de petit i gran format adaptades a tot tipus d\u2019espais i de necessitats.","potentialAction":[{"@type":"SearchAction","target":{"@type":"EntryPoint","urlTemplate":"https:\/\/www.koalaartforkids.com\/?s={search_term_string}"},"query-input":{"@type":"PropertyValueSpecification","valueRequired":true,"valueName":"search_term_string"}}],"inLanguage":"en-US"}]}},"_links":{"self":[{"href":"https:\/\/www.koalaartforkids.com\/en\/wp-json\/wp\/v2\/pages\/6533","targetHints":{"allow":["GET"]}}],"collection":[{"href":"https:\/\/www.koalaartforkids.com\/en\/wp-json\/wp\/v2\/pages"}],"about":[{"href":"https:\/\/www.koalaartforkids.com\/en\/wp-json\/wp\/v2\/types\/page"}],"author":[{"embeddable":true,"href":"https:\/\/www.koalaartforkids.com\/en\/wp-json\/wp\/v2\/users\/1"}],"replies":[{"embeddable":true,"href":"https:\/\/www.koalaartforkids.com\/en\/wp-json\/wp\/v2\/comments?post=6533"}],"version-history":[{"count":1,"href":"https:\/\/www.koalaartforkids.com\/en\/wp-json\/wp\/v2\/pages\/6533\/revisions"}],"predecessor-version":[{"id":6534,"href":"https:\/\/www.koalaartforkids.com\/en\/wp-json\/wp\/v2\/pages\/6533\/revisions\/6534"}],"wp:attachment":[{"href":"https:\/\/www.koalaartforkids.com\/en\/wp-json\/wp\/v2\/media?parent=6533"}],"curies":[{"name":"wp","href":"https:\/\/api.w.org\/{rel}","templated":true}]}}