{"id":6427,"date":"2025-10-31T09:33:51","date_gmt":"2025-10-31T08:33:51","guid":{"rendered":"https:\/\/www.koalaartforkids.com\/basket\/"},"modified":"2026-01-28T11:14:04","modified_gmt":"2026-01-28T10:14:04","slug":"basket","status":"publish","type":"page","link":"https:\/\/www.koalaartforkids.com\/en\/basket\/","title":{"rendered":"Basket"},"content":{"rendered":"\n<div data-block-name=\"woocommerce\/cart\" class=\"wp-block-woocommerce-cart alignwide is-loading\">\n<div data-block-name=\"woocommerce\/filled-cart-block\" class=\"wp-block-woocommerce-filled-cart-block\">\n<div data-block-name=\"woocommerce\/cart-items-block\" class=\"wp-block-woocommerce-cart-items-block\">\n<div data-block-name=\"woocommerce\/cart-line-items-block\" data-translated-with-w-p-m-l-t-m=\"1\" class=\"wp-block-woocommerce-cart-line-items-block\"\/>\n\n\n<\/div>\n\n\n\n\n<div data-block-name=\"woocommerce\/cart-totals-block\" class=\"wp-block-woocommerce-cart-totals-block\">\n<div data-block-name=\"woocommerce\/cart-order-summary-block\" class=\"wp-block-woocommerce-cart-order-summary-block\">\n\t\t\t<div data-block-name=\"woocommerce\/cart-order-summary-heading-block\" class=\"wp-block-woocommerce-cart-order-summary-heading-block\"><\/div>\n\t\t\t<div data-block-name=\"woocommerce\/cart-order-summary-subtotal-block\" class=\"wp-block-woocommerce-cart-order-summary-subtotal-block\"><\/div>\n\t\t\t<div data-block-name=\"woocommerce\/cart-order-summary-fee-block\" class=\"wp-block-woocommerce-cart-order-summary-fee-block\"><\/div>\n\t\t\t<div data-block-name=\"woocommerce\/cart-order-summary-discount-block\" class=\"wp-block-woocommerce-cart-order-summary-discount-block\"><\/div>\n\t\t\t<div data-block-name=\"woocommerce\/cart-order-summary-coupon-form-block\" class=\"wp-block-woocommerce-cart-order-summary-coupon-form-block\"><\/div>\n\t\t\t<div data-block-name=\"woocommerce\/cart-order-summary-shipping-form-block\" class=\"wp-block-woocommerce-cart-order-summary-shipping-block\"><\/div>\n\t\t\t<div data-block-name=\"woocommerce\/cart-order-summary-taxes-block\" class=\"wp-block-woocommerce-cart-order-summary-taxes-block\"><\/div>\n\t\t\n<div data-block-name=\"woocommerce\/cart-order-summary-heading-block\" data-translated-with-w-p-m-l-t-m=\"1\" class=\"wp-block-woocommerce-cart-order-summary-heading-block\"\/><div data-block-name=\"woocommerce\/cart-order-summary-coupon-form-block\" data-translated-with-w-p-m-l-t-m=\"1\" class=\"wp-block-woocommerce-cart-order-summary-coupon-form-block\"\/>\n\n\n\n<div data-block-name=\"woocommerce\/cart-express-payment-block\" data-button-border-radius=\"4\" data-button-height=\"48\" data-show-button-styles=\"false\" data-translated-with-w-p-m-l-t-m=\"1\" class=\"wp-block-woocommerce-cart-express-payment-block\"\/>\n\n\n\n<div data-block-name=\"woocommerce\/proceed-to-checkout-block\" data-translated-with-w-p-m-l-t-m=\"1\" class=\"wp-block-woocommerce-proceed-to-checkout-block\"\/>\n\n\n\n<div data-block-name=\"woocommerce\/cart-accepted-payment-methods-block\" data-translated-with-w-p-m-l-t-m=\"1\" class=\"wp-block-woocommerce-cart-accepted-payment-methods-block\"\/>\n<\/div>\n<\/div>\n\n\n\n<div data-block-name=\"woocommerce\/empty-cart-block\" class=\"wp-block-woocommerce-empty-cart-block\">\n<h2 class=\"wp-block-heading has-text-align-center with-empty-cart-icon wc-block-cart__empty-cart__title\">The cart is currently empty!<\/h2>\n\n\n\n<hr class=\"wp-block-separator has-alpha-channel-opacity is-style-dots\"\/>\n\n\n\n<h2 class=\"wp-block-heading has-text-align-center\">New in store<\/h2>\n\n\n<div data-block-name=\"woocommerce\/product-new\" data-columns=\"4\" data-rows=\"1\" class=\"wc-block-grid wp-block-product-new wp-block-woocommerce-product-new wc-block-product-new has-4-columns\"><ul class=\"wc-block-grid__products\"><li class=\"wc-block-grid__product\">\n\t\t\t\t<a href=\"https:\/\/www.koalaartforkids.com\/en\/producte\/caprichosa\/\" class=\"wc-block-grid__product-link\">\n\t\t\t\t\t\n\t\t\t\t\t<div class=\"wc-block-grid__product-image\"><img decoding=\"async\" width=\"500\" height=\"500\" src=\"https:\/\/www.koalaartforkids.com\/wp-content\/uploads\/2025\/10\/caprichosa-web.png\" class=\"attachment-woocommerce_thumbnail size-woocommerce_thumbnail lazyload\" alt=\"Caprichosa\" srcset=\"data:image\/svg+xml,%3Csvg%20xmlns%3D%27http%3A%2F%2Fwww.w3.org%2F2000%2Fsvg%27%20width%3D%27500%27%20height%3D%27500%27%20viewBox%3D%270%200%20500%20500%27%3E%3Crect%20width%3D%27500%27%20height%3D%27500%27%20fill-opacity%3D%220%22%2F%3E%3C%2Fsvg%3E\" data-orig-src=\"https:\/\/www.koalaartforkids.com\/wp-content\/uploads\/2025\/10\/caprichosa-web.png\" data-srcset=\"https:\/\/www.koalaartforkids.com\/wp-content\/uploads\/2025\/10\/caprichosa-web-66x66.png 66w, https:\/\/www.koalaartforkids.com\/wp-content\/uploads\/2025\/10\/caprichosa-web-200x200.png 200w, https:\/\/www.koalaartforkids.com\/wp-content\/uploads\/2025\/10\/caprichosa-web-400x400.png 400w, https:\/\/www.koalaartforkids.com\/wp-content\/uploads\/2025\/10\/caprichosa-web.png 500w\" data-sizes=\"auto\" \/><\/div>\n\t\t\t\t\t<div class=\"wc-block-grid__product-title\">Caprichosa<\/div>\n\t\t\t\t<\/a>\n\t\t\t\t<div class=\"wc-block-grid__product-price price\"><span class=\"woocommerce-Price-amount amount\">18,00&nbsp;<span class=\"woocommerce-Price-currencySymbol\">&euro;<\/span><\/span><\/div>\n\t\t\t\t\n\t\t\t\t<div class=\"wp-block-button wc-block-grid__product-add-to-cart\"><a href=\"https:\/\/www.koalaartforkids.com\/en\/producte\/caprichosa\/\" aria-label=\"Read more about &ldquo;Caprichosa&rdquo;\" data-quantity=\"1\" data-product_id=\"6603\" data-product_sku=\"CA-062020\" data-price=\"18\" rel=\"nofollow\" class=\"wp-block-button__link  add_to_cart_button\">Read more<\/a><\/div>\n\t\t\t<\/li><li class=\"wc-block-grid__product\">\n\t\t\t\t<a href=\"https:\/\/www.koalaartforkids.com\/en\/producte\/frutti-di-mare\/\" class=\"wc-block-grid__product-link\">\n\t\t\t\t\t\n\t\t\t\t\t<div class=\"wc-block-grid__product-image\"><img decoding=\"async\" width=\"500\" height=\"500\" src=\"https:\/\/www.koalaartforkids.com\/wp-content\/uploads\/2025\/10\/foto-frutti-di-mare-web.png\" class=\"attachment-woocommerce_thumbnail size-woocommerce_thumbnail lazyload\" alt=\"Frutti di mare\" srcset=\"data:image\/svg+xml,%3Csvg%20xmlns%3D%27http%3A%2F%2Fwww.w3.org%2F2000%2Fsvg%27%20width%3D%27500%27%20height%3D%27500%27%20viewBox%3D%270%200%20500%20500%27%3E%3Crect%20width%3D%27500%27%20height%3D%27500%27%20fill-opacity%3D%220%22%2F%3E%3C%2Fsvg%3E\" data-orig-src=\"https:\/\/www.koalaartforkids.com\/wp-content\/uploads\/2025\/10\/foto-frutti-di-mare-web.png\" data-srcset=\"https:\/\/www.koalaartforkids.com\/wp-content\/uploads\/2025\/10\/foto-frutti-di-mare-web-66x66.png 66w, https:\/\/www.koalaartforkids.com\/wp-content\/uploads\/2025\/10\/foto-frutti-di-mare-web-200x200.png 200w, https:\/\/www.koalaartforkids.com\/wp-content\/uploads\/2025\/10\/foto-frutti-di-mare-web-400x400.png 400w, https:\/\/www.koalaartforkids.com\/wp-content\/uploads\/2025\/10\/foto-frutti-di-mare-web.png 500w\" data-sizes=\"auto\" \/><\/div>\n\t\t\t\t\t<div class=\"wc-block-grid__product-title\">Frutti di mare<\/div>\n\t\t\t\t<\/a>\n\t\t\t\t<div class=\"wc-block-grid__product-price price\"><span class=\"woocommerce-Price-amount amount\">16,00&nbsp;<span class=\"woocommerce-Price-currencySymbol\">&euro;<\/span><\/span><\/div>\n\t\t\t\t\n\t\t\t\t<div class=\"wp-block-button wc-block-grid__product-add-to-cart\"><a href=\"https:\/\/www.koalaartforkids.com\/en\/producte\/frutti-di-mare\/\" aria-label=\"Read more about &ldquo;Frutti di mare&rdquo;\" data-quantity=\"1\" data-product_id=\"6610\" data-product_sku=\"FM-062020\" data-price=\"16\" rel=\"nofollow\" class=\"wp-block-button__link  add_to_cart_button\">Read more<\/a><\/div>\n\t\t\t<\/li><li class=\"wc-block-grid__product\">\n\t\t\t\t<a href=\"https:\/\/www.koalaartforkids.com\/en\/producte\/doble-cheese\/\" class=\"wc-block-grid__product-link\">\n\t\t\t\t\t\n\t\t\t\t\t<div class=\"wc-block-grid__product-image\"><img decoding=\"async\" width=\"500\" height=\"500\" src=\"https:\/\/www.koalaartforkids.com\/wp-content\/uploads\/2025\/10\/double-cheese-web.png\" class=\"attachment-woocommerce_thumbnail size-woocommerce_thumbnail lazyload\" alt=\"Doble Cheese\" srcset=\"data:image\/svg+xml,%3Csvg%20xmlns%3D%27http%3A%2F%2Fwww.w3.org%2F2000%2Fsvg%27%20width%3D%27500%27%20height%3D%27500%27%20viewBox%3D%270%200%20500%20500%27%3E%3Crect%20width%3D%27500%27%20height%3D%27500%27%20fill-opacity%3D%220%22%2F%3E%3C%2Fsvg%3E\" data-orig-src=\"https:\/\/www.koalaartforkids.com\/wp-content\/uploads\/2025\/10\/double-cheese-web.png\" data-srcset=\"https:\/\/www.koalaartforkids.com\/wp-content\/uploads\/2025\/10\/double-cheese-web-66x66.png 66w, https:\/\/www.koalaartforkids.com\/wp-content\/uploads\/2025\/10\/double-cheese-web-200x200.png 200w, https:\/\/www.koalaartforkids.com\/wp-content\/uploads\/2025\/10\/double-cheese-web-400x400.png 400w, https:\/\/www.koalaartforkids.com\/wp-content\/uploads\/2025\/10\/double-cheese-web.png 500w\" data-sizes=\"auto\" \/><\/div>\n\t\t\t\t\t<div class=\"wc-block-grid__product-title\">Doble Cheese<\/div>\n\t\t\t\t<\/a>\n\t\t\t\t<div class=\"wc-block-grid__product-price price\"><span class=\"woocommerce-Price-amount amount\">16,00&nbsp;<span class=\"woocommerce-Price-currencySymbol\">&euro;<\/span><\/span><\/div>\n\t\t\t\t\n\t\t\t\t<div class=\"wp-block-button wc-block-grid__product-add-to-cart\"><a href=\"https:\/\/www.koalaartforkids.com\/en\/producte\/doble-cheese\/\" aria-label=\"Read more about &ldquo;Doble Cheese&rdquo;\" data-quantity=\"1\" data-product_id=\"6617\" data-product_sku=\"DC-062020\" data-price=\"16\" rel=\"nofollow\" class=\"wp-block-button__link  add_to_cart_button\">Read more<\/a><\/div>\n\t\t\t<\/li><li class=\"wc-block-grid__product\">\n\t\t\t\t<a href=\"https:\/\/www.koalaartforkids.com\/en\/producte\/calzone\/\" class=\"wc-block-grid__product-link\">\n\t\t\t\t\t\n\t\t\t\t\t<div class=\"wc-block-grid__product-image\"><img decoding=\"async\" width=\"500\" height=\"500\" src=\"https:\/\/www.koalaartforkids.com\/wp-content\/uploads\/2025\/10\/Calzone-web.png\" class=\"attachment-woocommerce_thumbnail size-woocommerce_thumbnail lazyload\" alt=\"Calzone\" srcset=\"data:image\/svg+xml,%3Csvg%20xmlns%3D%27http%3A%2F%2Fwww.w3.org%2F2000%2Fsvg%27%20width%3D%27500%27%20height%3D%27500%27%20viewBox%3D%270%200%20500%20500%27%3E%3Crect%20width%3D%27500%27%20height%3D%27500%27%20fill-opacity%3D%220%22%2F%3E%3C%2Fsvg%3E\" data-orig-src=\"https:\/\/www.koalaartforkids.com\/wp-content\/uploads\/2025\/10\/Calzone-web.png\" data-srcset=\"https:\/\/www.koalaartforkids.com\/wp-content\/uploads\/2025\/10\/Calzone-web-66x66.png 66w, https:\/\/www.koalaartforkids.com\/wp-content\/uploads\/2025\/10\/Calzone-web-200x200.png 200w, https:\/\/www.koalaartforkids.com\/wp-content\/uploads\/2025\/10\/Calzone-web-400x400.png 400w, https:\/\/www.koalaartforkids.com\/wp-content\/uploads\/2025\/10\/Calzone-web.png 500w\" data-sizes=\"auto\" \/><\/div>\n\t\t\t\t\t<div class=\"wc-block-grid__product-title\">Calzone<\/div>\n\t\t\t\t<\/a>\n\t\t\t\t<div class=\"wc-block-grid__product-price price\"><span class=\"woocommerce-Price-amount amount\">18,00&nbsp;<span class=\"woocommerce-Price-currencySymbol\">&euro;<\/span><\/span><\/div>\n\t\t\t\t\n\t\t\t\t<div class=\"wp-block-button wc-block-grid__product-add-to-cart\"><a href=\"https:\/\/www.koalaartforkids.com\/en\/producte\/calzone\/\" aria-label=\"Read more about &ldquo;Calzone&rdquo;\" data-quantity=\"1\" data-product_id=\"6624\" data-product_sku=\"CZ-092020\" data-price=\"18\" rel=\"nofollow\" class=\"wp-block-button__link  add_to_cart_button\">Read more<\/a><\/div>\n\t\t\t<\/li><\/ul><\/div><\/div>\n<\/div>\n","protected":false},"excerpt":{"rendered":"","protected":false},"author":1,"featured_media":0,"parent":0,"menu_order":0,"comment_status":"closed","ping_status":"closed","template":"","meta":{"footnotes":""},"class_list":["post-6427","page","type-page","status-publish","hentry"],"yoast_head":"<!-- This site is optimized with the Yoast SEO plugin v26.3 - https:\/\/yoast.com\/wordpress\/plugins\/seo\/ -->\n<title>Basket - KoalaArtForKids | Grans experi\u00e8ncies per a petites ments creatives<\/title>\n<meta name=\"robots\" content=\"index, follow, max-snippet:-1, max-image-preview:large, max-video-preview:-1\" \/>\n<link rel=\"canonical\" href=\"https:\/\/www.koalaartforkids.com\/en\/basket\/\" \/>\n<meta property=\"og:locale\" content=\"en_US\" \/>\n<meta property=\"og:type\" content=\"article\" \/>\n<meta property=\"og:title\" content=\"Basket - KoalaArtForKids | Grans experi\u00e8ncies per a petites ments creatives\" \/>\n<meta property=\"og:url\" content=\"https:\/\/www.koalaartforkids.com\/en\/basket\/\" \/>\n<meta property=\"og:site_name\" content=\"KoalaArtForKids | Grans experi\u00e8ncies per a petites ments creatives\" \/>\n<meta property=\"article:modified_time\" content=\"2026-01-28T10:14:04+00:00\" \/>\n<meta name=\"twitter:card\" content=\"summary_large_image\" \/>\n<script type=\"application\/ld+json\" class=\"yoast-schema-graph\">{\"@context\":\"https:\/\/schema.org\",\"@graph\":[{\"@type\":\"WebPage\",\"@id\":\"https:\/\/www.koalaartforkids.com\/en\/basket\/\",\"url\":\"https:\/\/www.koalaartforkids.com\/en\/basket\/\",\"name\":\"Basket - KoalaArtForKids | Grans experi\u00e8ncies per a petites ments creatives\",\"isPartOf\":{\"@id\":\"https:\/\/www.koalaartforkids.com\/#website\"},\"datePublished\":\"2025-10-31T08:33:51+00:00\",\"dateModified\":\"2026-01-28T10:14:04+00:00\",\"breadcrumb\":{\"@id\":\"https:\/\/www.koalaartforkids.com\/en\/basket\/#breadcrumb\"},\"inLanguage\":\"en-US\",\"potentialAction\":[{\"@type\":\"ReadAction\",\"target\":[\"https:\/\/www.koalaartforkids.com\/en\/basket\/\"]}]},{\"@type\":\"BreadcrumbList\",\"@id\":\"https:\/\/www.koalaartforkids.com\/en\/basket\/#breadcrumb\",\"itemListElement\":[{\"@type\":\"ListItem\",\"position\":1,\"name\":\"Inici\",\"item\":\"https:\/\/www.koalaartforkids.com\/en\/home\/\"},{\"@type\":\"ListItem\",\"position\":2,\"name\":\"Basket\"}]},{\"@type\":\"WebSite\",\"@id\":\"https:\/\/www.koalaartforkids.com\/#website\",\"url\":\"https:\/\/www.koalaartforkids.com\/\",\"name\":\"KoalaArtForKids | Grans experi\u00e8ncies per a petites ments creatives\",\"description\":\"Som Koala Art for Kids! Un projecte nou i enriquidor que t\u00e9 com a objectiu la difusi\u00f3 de l\u2019art com a mitj\u00e0 per a comunicar-nos i relacionar-nos amb tot el que ens envolta. Oferim una \u00e0mplia varietat de propostes art\u00edstiques de petit i gran format adaptades a tot tipus d\u2019espais i de necessitats.\",\"potentialAction\":[{\"@type\":\"SearchAction\",\"target\":{\"@type\":\"EntryPoint\",\"urlTemplate\":\"https:\/\/www.koalaartforkids.com\/?s={search_term_string}\"},\"query-input\":{\"@type\":\"PropertyValueSpecification\",\"valueRequired\":true,\"valueName\":\"search_term_string\"}}],\"inLanguage\":\"en-US\"}]}<\/script>\n<!-- \/ Yoast SEO plugin. -->","yoast_head_json":{"title":"Basket - KoalaArtForKids | Grans experi\u00e8ncies per a petites ments creatives","robots":{"index":"index","follow":"follow","max-snippet":"max-snippet:-1","max-image-preview":"max-image-preview:large","max-video-preview":"max-video-preview:-1"},"canonical":"https:\/\/www.koalaartforkids.com\/en\/basket\/","og_locale":"en_US","og_type":"article","og_title":"Basket - KoalaArtForKids | Grans experi\u00e8ncies per a petites ments creatives","og_url":"https:\/\/www.koalaartforkids.com\/en\/basket\/","og_site_name":"KoalaArtForKids | Grans experi\u00e8ncies per a petites ments creatives","article_modified_time":"2026-01-28T10:14:04+00:00","twitter_card":"summary_large_image","schema":{"@context":"https:\/\/schema.org","@graph":[{"@type":"WebPage","@id":"https:\/\/www.koalaartforkids.com\/en\/basket\/","url":"https:\/\/www.koalaartforkids.com\/en\/basket\/","name":"Basket - KoalaArtForKids | Grans experi\u00e8ncies per a petites ments creatives","isPartOf":{"@id":"https:\/\/www.koalaartforkids.com\/#website"},"datePublished":"2025-10-31T08:33:51+00:00","dateModified":"2026-01-28T10:14:04+00:00","breadcrumb":{"@id":"https:\/\/www.koalaartforkids.com\/en\/basket\/#breadcrumb"},"inLanguage":"en-US","potentialAction":[{"@type":"ReadAction","target":["https:\/\/www.koalaartforkids.com\/en\/basket\/"]}]},{"@type":"BreadcrumbList","@id":"https:\/\/www.koalaartforkids.com\/en\/basket\/#breadcrumb","itemListElement":[{"@type":"ListItem","position":1,"name":"Inici","item":"https:\/\/www.koalaartforkids.com\/en\/home\/"},{"@type":"ListItem","position":2,"name":"Basket"}]},{"@type":"WebSite","@id":"https:\/\/www.koalaartforkids.com\/#website","url":"https:\/\/www.koalaartforkids.com\/","name":"KoalaArtForKids | Grans experi\u00e8ncies per a petites ments creatives","description":"Som Koala Art for Kids! Un projecte nou i enriquidor que t\u00e9 com a objectiu la difusi\u00f3 de l\u2019art com a mitj\u00e0 per a comunicar-nos i relacionar-nos amb tot el que ens envolta. Oferim una \u00e0mplia varietat de propostes art\u00edstiques de petit i gran format adaptades a tot tipus d\u2019espais i de necessitats.","potentialAction":[{"@type":"SearchAction","target":{"@type":"EntryPoint","urlTemplate":"https:\/\/www.koalaartforkids.com\/?s={search_term_string}"},"query-input":{"@type":"PropertyValueSpecification","valueRequired":true,"valueName":"search_term_string"}}],"inLanguage":"en-US"}]}},"_links":{"self":[{"href":"https:\/\/www.koalaartforkids.com\/en\/wp-json\/wp\/v2\/pages\/6427","targetHints":{"allow":["GET"]}}],"collection":[{"href":"https:\/\/www.koalaartforkids.com\/en\/wp-json\/wp\/v2\/pages"}],"about":[{"href":"https:\/\/www.koalaartforkids.com\/en\/wp-json\/wp\/v2\/types\/page"}],"author":[{"embeddable":true,"href":"https:\/\/www.koalaartforkids.com\/en\/wp-json\/wp\/v2\/users\/1"}],"replies":[{"embeddable":true,"href":"https:\/\/www.koalaartforkids.com\/en\/wp-json\/wp\/v2\/comments?post=6427"}],"version-history":[{"count":1,"href":"https:\/\/www.koalaartforkids.com\/en\/wp-json\/wp\/v2\/pages\/6427\/revisions"}],"predecessor-version":[{"id":6428,"href":"https:\/\/www.koalaartforkids.com\/en\/wp-json\/wp\/v2\/pages\/6427\/revisions\/6428"}],"wp:attachment":[{"href":"https:\/\/www.koalaartforkids.com\/en\/wp-json\/wp\/v2\/media?parent=6427"}],"curies":[{"name":"wp","href":"https:\/\/api.w.org\/{rel}","templated":true}]}}